{"id":4219,"date":"2024-12-10T14:09:59","date_gmt":"2024-12-10T13:09:59","guid":{"rendered":"https:\/\/www.omniprocess.se\/\/?page_id=4219"},"modified":"2026-02-09T11:48:35","modified_gmt":"2026-02-09T10:48:35","slug":"returns","status":"publish","type":"page","link":"https:\/\/www.omniprocess.se\/en\/returer\/","title":{"rendered":"Returns"},"content":{"rendered":"<div data-elementor-type=\"wp-page\" data-elementor-id=\"4219\" class=\"elementor elementor-4219\" data-elementor-post-type=\"page\">\n\t\t\t\t<div class=\"elementor-element elementor-element-8fde94b e-flex e-con-boxed e-con e-parent\" data-id=\"8fde94b\" data-element_type=\"container\" data-e-type=\"container\" data-settings=\"{&quot;background_background&quot;:&quot;classic&quot;,&quot;jet_parallax_layout_list&quot;:[]}\">\n\t\t\t\t\t<div class=\"e-con-inner\">\n\t\t\t\t<div class=\"elementor-element elementor-element-980c83e elementor-widget elementor-widget-heading\" data-id=\"980c83e\" data-element_type=\"widget\" data-e-type=\"widget\" data-widget_type=\"heading.default\">\n\t\t\t\t<div class=\"elementor-widget-container\">\n\t\t\t\t\t<h2 class=\"elementor-heading-title elementor-size-default\">to service &amp; warehouse<\/h2>\t\t\t\t<\/div>\n\t\t\t\t<\/div>\n\t\t\t\t\t<\/div>\n\t\t\t\t<\/div>\n\t\t<div class=\"elementor-element elementor-element-f6eaceb e-flex e-con-boxed e-con e-parent\" data-id=\"f6eaceb\" data-element_type=\"container\" data-e-type=\"container\" data-settings=\"{&quot;jet_parallax_layout_list&quot;:[]}\">\n\t\t\t\t\t<div class=\"e-con-inner\">\n\t\t\t\t<div class=\"elementor-element elementor-element-5823c70 e-n-tabs-mobile elementor-widget elementor-widget-n-tabs\" data-id=\"5823c70\" data-element_type=\"widget\" data-e-type=\"widget\" data-settings=\"{&quot;tabs_justify_horizontal&quot;:&quot;stretch&quot;,&quot;horizontal_scroll&quot;:&quot;disable&quot;}\" data-widget_type=\"nested-tabs.default\">\n\t\t\t\t<div class=\"elementor-widget-container\">\n\t\t\t\t\t\t\t<div class=\"e-n-tabs\" data-widget-number=\"92421232\" aria-label=\"Tabs. Open items with enter or space, close with escape and navigate with the arrow keys.\">\n\t\t\t<div class=\"e-n-tabs-heading\" role=\"tablist\">\n\t\t\t\t\t<button id=\"returer-service\" data-tab-title-id=\"e-n-tab-title-924212321\" class=\"e-n-tab-title\" aria-selected=\"true\" data-tab-index=\"1\" role=\"tab\" tabindex=\"0\" aria-controls=\"e-n-tab-content-924212321\" style=\"--n-tabs-title-order: 1;\">\n\t\t\t\t\t\t<span class=\"e-n-tab-title-text\">\n\t\t\t\tService\t\t\t<\/span>\n\t\t<\/button>\n\t\t\t\t<button id=\"returer-\u00e5terk\u00f6p\" data-tab-title-id=\"e-n-tab-title-924212322\" class=\"e-n-tab-title\" aria-selected=\"false\" data-tab-index=\"2\" role=\"tab\" tabindex=\"-1\" aria-controls=\"e-n-tab-content-924212322\" style=\"--n-tabs-title-order: 2;\">\n\t\t\t\t\t\t<span class=\"e-n-tab-title-text\">\n\t\t\t\tRepurchases &amp; Returns\t\t\t<\/span>\n\t\t<\/button>\n\t\t\t\t<button id=\"returer-hyrd\" data-tab-title-id=\"e-n-tab-title-924212323\" class=\"e-n-tab-title\" aria-selected=\"false\" data-tab-index=\"3\" role=\"tab\" tabindex=\"-1\" aria-controls=\"e-n-tab-content-924212323\" style=\"--n-tabs-title-order: 3;\">\n\t\t\t\t\t\t<span class=\"e-n-tab-title-text\">\n\t\t\t\tRented instrumentation\t\t\t<\/span>\n\t\t<\/button>\n\t\t\t\t\t<\/div>\n\t\t\t<div class=\"e-n-tabs-content\">\n\t\t\t\t<div id=\"e-n-tab-content-924212321\" role=\"tabpanel\" aria-labelledby=\"returer-service\" data-tab-index=\"1\" style=\"--n-tabs-title-order: 1;\" class=\"e-active elementor-element elementor-element-88f2804 e-con-full e-flex e-con e-child\" data-id=\"88f2804\" data-element_type=\"container\" data-e-type=\"container\" data-settings=\"{&quot;jet_parallax_layout_list&quot;:[]}\">\n\t\t<div class=\"elementor-element elementor-element-28495ec e-con-full e-flex e-con e-child\" data-id=\"28495ec\" data-element_type=\"container\" data-e-type=\"container\" data-settings=\"{&quot;jet_parallax_layout_list&quot;:[]}\">\n\t\t<div class=\"elementor-element elementor-element-01768e7 e-con-full e-flex e-con e-child\" data-id=\"01768e7\" data-element_type=\"container\" data-e-type=\"container\" data-settings=\"{&quot;background_background&quot;:&quot;classic&quot;,&quot;jet_parallax_layout_list&quot;:[]}\">\n\t\t<div class=\"elementor-element elementor-element-c4c560c e-con-full e-flex e-con e-child\" data-id=\"c4c560c\" data-element_type=\"container\" data-e-type=\"container\" data-settings=\"{&quot;jet_parallax_layout_list&quot;:[]}\">\n\t\t\t\t<div class=\"elementor-element elementor-element-c8ed675 elementor-widget elementor-widget-button\" data-id=\"c8ed675\" data-element_type=\"widget\" data-e-type=\"widget\" data-widget_type=\"button.default\">\n\t\t\t\t<div class=\"elementor-widget-container\">\n\t\t\t\t\t\t\t\t\t<div class=\"elementor-button-wrapper\">\n\t\t\t\t\t<a class=\"elementor-button elementor-button-link elementor-size-sm\" href=\"\/en\/contact-details\/\">\n\t\t\t\t\t\t<span class=\"elementor-button-content-wrapper\">\n\t\t\t\t\t\t\t\t\t<span class=\"elementor-button-text\">Contact us<\/span>\n\t\t\t\t\t<\/span>\n\t\t\t\t\t<\/a>\n\t\t\t\t<\/div>\n\t\t\t\t\t\t\t\t<\/div>\n\t\t\t\t<\/div>\n\t\t\t\t<\/div>\n\t\t\t\t<div class=\"elementor-element elementor-element-a0c3191 elementor-widget elementor-widget-text-editor\" data-id=\"a0c3191\" data-element_type=\"widget\" data-e-type=\"widget\" data-widget_type=\"text-editor.default\">\n\t\t\t\t<div class=\"elementor-widget-container\">\n\t\t\t\t\t\t\t\t\t<section style=\"font-family: 'Poppins', sans-serif; padding: 20px; line-height: 1.6; max-width: 800px; margin: auto; color: #000;\"><h1 style=\"font-size: 28px; color: #333; text-align: center;\">Products sent to Service<\/h1><p style=\"text-align: justify;\">To ensure a fast and efficient handling of your service request, please follow the guidelines listed below when sending products to us.<\/p><h2 style=\"font-size: 22px; color: #444; margin-top: 30px;\">Notification<\/h2><p>Before returning products to us, please notify the service issue by e-mail to<br \/><a style=\"color: #007000;\" href=\"mailto:service@omniprocess.se\">service@omniprocess.se<\/a>.<br \/>Enter the following in the subject line:<\/p><ul style=\"list-style: none; padding-left: 0;\"><li>- <b>Service<\/b> followed by your <b>company name <\/b>and <b>contact person<\/b>.<\/li><\/ul><p>By informing us of what is being sent, we can plan and manage your case more efficiently.<\/p><h2 style=\"font-size: 22px; color: #444; margin-top: 30px;\">Your order number<\/h2><p>If your company requires a purchase order number for invoicing products and services, we need to receive a written order before we can start work.<\/p><h2 style=\"font-size: 22px; color: #444; margin-top: 30px;\">Cleaning and fault description<\/h2><p>Products that have been in operation <b>must be cleaned<\/b> before they are returned.<\/p><p>Please fill in one of our service forms and attach it to the product. Without this documentation, we will not be able to handle the product in our service department or pass it on to our suppliers.<\/p><ul style=\"list-style: none; padding-left: 0;\"><li>- <a href=\"https:\/\/www.omniprocess.se\/wp-content\/uploads\/2026\/02\/Retur-av-instrument.pdf\" target=\"_blank\" rel=\"noopener\">Return of instruments (Swedish)<\/a><\/li><li>- <a href=\"https:\/\/www.omniprocess.se\/wp-content\/uploads\/2026\/02\/Return-of-instruments.pdf\" target=\"_blank\" rel=\"noopener\">Return of instruments (English)<\/a><\/li><li>-\u00a0<a href=\"https:\/\/www.omniprocess.se\/wp-content\/uploads\/2026\/02\/Bronkhorst-service-blankett-260209.pdf\" target=\"_blank\" rel=\"noopener\">Bronkhorst Health &amp; Safety form<\/a><\/li><\/ul><p>In the form, we ask you to provide a brief description of the fault and answer questions related to cleaning.<\/p><h2 style=\"font-size: 22px; color: #444; margin-top: 30px;\">Shipping and packaging<\/h2><p>Products returned should be carefully packaged and sent via <b>PostNord Parcel<\/b> or carriage to the following address:<\/p><address style=\"background-color: #f9f9f9; padding: 15px; border-left: 4px solid #007000;\"><b>OmniProcess AB<\/b><br \/>G\u00e5rdsfogdev\u00e4gen 16<br \/>168 67 Bromma<\/address><p>Shipping costs for products sent to us for service are borne by the customer. We reserve the right to charge additional costs incurred if the above instructions are not followed.<\/p><\/section>\t\t\t\t\t\t\t\t<\/div>\n\t\t\t\t<\/div>\n\t\t\t\t<\/div>\n\t\t\t\t<\/div>\n\t\t\t\t<\/div>\n\t\t<div id=\"e-n-tab-content-924212322\" role=\"tabpanel\" aria-labelledby=\"returer-\u00e5terk\u00f6p\" data-tab-index=\"2\" style=\"--n-tabs-title-order: 2;\" class=\"elementor-element elementor-element-f0338bf e-con-full e-flex e-con e-child\" data-id=\"f0338bf\" data-element_type=\"container\" data-e-type=\"container\" data-settings=\"{&quot;jet_parallax_layout_list&quot;:[]}\">\n\t\t<div class=\"elementor-element elementor-element-d35d5bd e-con-full e-flex e-con e-child\" data-id=\"d35d5bd\" data-element_type=\"container\" data-e-type=\"container\" data-settings=\"{&quot;jet_parallax_layout_list&quot;:[]}\">\n\t\t<div class=\"elementor-element elementor-element-1472490 e-con-full e-flex e-con e-child\" data-id=\"1472490\" data-element_type=\"container\" data-e-type=\"container\" data-settings=\"{&quot;background_background&quot;:&quot;classic&quot;,&quot;jet_parallax_layout_list&quot;:[]}\">\n\t\t\t\t<div class=\"elementor-element elementor-element-643eab5 elementor-widget elementor-widget-text-editor\" data-id=\"643eab5\" data-element_type=\"widget\" data-e-type=\"widget\" data-widget_type=\"text-editor.default\">\n\t\t\t\t<div class=\"elementor-widget-container\">\n\t\t\t\t\t\t\t\t\t<section style=\"font-family: 'Poppins', sans-serif; padding: 20px; line-height: 1.6; max-width: 800px; margin: auto; color: #000;\"><h1 style=\"font-size: 28px; color: #333; text-align: center;\">Repurchases &amp; Returns<\/h1><p style=\"text-align: justify;\">To handle repurchases and returns quickly and correctly, we ask you to follow the guidelines below. This applies to products purchased or rented from us that do not relate to service cases.<\/p><h2 style=\"font-size: 22px; color: #444; margin-top: 30px;\">Notification<\/h2><p style=\"text-align: justify;\">Before returning products to us, please notify us by e-mail to<br \/><a style=\"color: #007000;\" href=\"mailto:order@omniprocess.se\">order@omniprocess.se<\/a>. Enter the following in the subject line:<\/p><ul style=\"list-style: none; padding-left: 0;\"><li>- <b>Return<\/b> followed by your <b>order number<\/b>, <b>company name<\/b> and <b>contact person<\/b>.<\/li><\/ul><p style=\"text-align: justify;\">By informing us of what is being sent, we can plan and manage your case more efficiently.<\/p><h2 style=\"font-size: 22px; color: #444; margin-top: 30px;\">Right of Return and Repurchase<\/h2><p style=\"text-align: justify;\">OmniProcess stock items can be repurchased at 70 % of the item value after agreement with your contact person at our company. The following conditions apply:<\/p><ul style=\"list-style: none; padding-left: 0;\"><li>- The product must be in undamaged condition and returned in its original packaging with the manual and any certificates.<\/li><li>- Labelling or marking must not appear on the product or its original packaging.<\/li><\/ul><p style=\"text-align: justify;\">Please note that goods specially ordered on behalf of the customer and goods outside our regular range cannot be returned. Return costs are paid by the customer.<\/p><h2 style=\"font-size: 22px; color: #444; margin-top: 30px;\">Shipping and Packaging<\/h2><p style=\"text-align: justify;\">Products returned should be carefully packaged and sent via <b>PostNord Parcel<\/b> or carriage to the following address:<\/p><address style=\"background-color: #f9f9f9; padding: 15px; border-left: 4px solid #007000;\"><b>OmniProcess AB<\/b><br \/>G\u00e5rdsfogdev\u00e4gen 16<br \/>168 67 Bromma<\/address><p style=\"text-align: justify;\">We reserve the right to charge additional costs incurred if the above instructions are not followed.<\/p><\/section>\t\t\t\t\t\t\t\t<\/div>\n\t\t\t\t<\/div>\n\t\t<div class=\"elementor-element elementor-element-f08d950 e-con-full e-flex e-con e-child\" data-id=\"f08d950\" data-element_type=\"container\" data-e-type=\"container\" data-settings=\"{&quot;jet_parallax_layout_list&quot;:[]}\">\n\t\t\t\t<div class=\"elementor-element elementor-element-23de2d6 elementor-widget elementor-widget-button\" data-id=\"23de2d6\" data-element_type=\"widget\" data-e-type=\"widget\" data-widget_type=\"button.default\">\n\t\t\t\t<div class=\"elementor-widget-container\">\n\t\t\t\t\t\t\t\t\t<div class=\"elementor-button-wrapper\">\n\t\t\t\t\t<a class=\"elementor-button elementor-button-link elementor-size-sm\" href=\"\/en\/contact-details\/\">\n\t\t\t\t\t\t<span class=\"elementor-button-content-wrapper\">\n\t\t\t\t\t\t\t\t\t<span class=\"elementor-button-text\">Contact us<\/span>\n\t\t\t\t\t<\/span>\n\t\t\t\t\t<\/a>\n\t\t\t\t<\/div>\n\t\t\t\t\t\t\t\t<\/div>\n\t\t\t\t<\/div>\n\t\t\t\t<\/div>\n\t\t\t\t<\/div>\n\t\t\t\t<\/div>\n\t\t\t\t<\/div>\n\t\t<div id=\"e-n-tab-content-924212323\" role=\"tabpanel\" aria-labelledby=\"returer-hyrd\" data-tab-index=\"3\" style=\"--n-tabs-title-order: 3;\" class=\"elementor-element elementor-element-6f71872 e-con-full e-flex e-con e-child\" data-id=\"6f71872\" data-element_type=\"container\" data-e-type=\"container\" data-settings=\"{&quot;jet_parallax_layout_list&quot;:[]}\">\n\t\t<div class=\"elementor-element elementor-element-c96a3de e-con-full e-flex e-con e-child\" data-id=\"c96a3de\" data-element_type=\"container\" data-e-type=\"container\" data-settings=\"{&quot;jet_parallax_layout_list&quot;:[]}\">\n\t\t<div class=\"elementor-element elementor-element-d2f558e e-con-full e-flex e-con e-child\" data-id=\"d2f558e\" data-element_type=\"container\" data-e-type=\"container\" id=\"returer-av-hyrd-instrumentering\" data-settings=\"{&quot;background_background&quot;:&quot;classic&quot;,&quot;jet_parallax_layout_list&quot;:[]}\">\n\t\t\t\t<div class=\"elementor-element elementor-element-3812ce4 elementor-widget elementor-widget-text-editor\" data-id=\"3812ce4\" data-element_type=\"widget\" data-e-type=\"widget\" data-widget_type=\"text-editor.default\">\n\t\t\t\t<div class=\"elementor-widget-container\">\n\t\t\t\t\t\t\t\t\t<section style=\"font-family: 'Poppins', sans-serif; padding: 20px; line-height: 1.6; max-width: 800px; margin: auto; color: #000;\"><h1 style=\"font-size: 28px; color: #333; text-align: center;\">Returns of rented instrumentation<\/h1><p style=\"text-align: justify;\">To ensure a smooth and efficient handling of returned rented products, we ask you to follow the guidelines below.<\/p><h2 style=\"font-size: 22px; color: #444; margin-top: 30px;\">Notification<\/h2><p style=\"text-align: justify;\">Before returning rented instrumentation, please notify the matter by e-mail to<br \/><a style=\"color: #007000;\" href=\"mailto:order@omniprocess.se\">order@omniprocess.se<\/a>. Enter the following in the subject line:<\/p><ul style=\"list-style: none; padding-left: 0;\"><li>- <b>Return<\/b> followed by your <b>order number<\/b>, <b>company name<\/b> and <b>contact person<\/b>.<\/li><\/ul><p style=\"text-align: justify;\">By informing us of what is being sent, we can plan and manage your case more efficiently.<\/p><h2 style=\"font-size: 22px; color: #444; margin-top: 30px;\">Return conditions<\/h2><p style=\"text-align: justify;\">All rented instrumentation must be returned in <b>original packaging<\/b> and include all related parts, such as manuals and certificates. The instrument should be cleaned before return and the following form should be filled in and attached to the return:<\/p><ul style=\"list-style: none; padding-left: 0;\"><li>- <a href=\"https:\/\/www.omniprocess.se\/wp-content\/uploads\/2026\/02\/Retur-av-instrument-efter-lan-eller-hyra.pdf\" target=\"_blank\" rel=\"noopener\">Return of instrumentation from rent<\/a><\/li><\/ul><p style=\"text-align: justify;\">Without this documentation, we cannot handle the product in our department or pass it on to our suppliers.<\/p><h2 style=\"font-size: 22px; color: #444; margin-top: 30px;\">Shipping and Packaging<\/h2><p style=\"text-align: justify;\">Products returned should be carefully packaged and sent via <b>PostNord Parcel<\/b> or carriage to the following address:<\/p><address style=\"background-color: #f9f9f9; padding: 15px; border-left: 4px solid #007000;\"><b>OmniProcess AB<\/b><br \/>G\u00e5rdsfogdev\u00e4gen 16<br \/>168 67 Bromma<\/address><p style=\"text-align: justify;\">Shipping costs for returned products will be borne by the customer. We reserve the right to charge additional costs incurred if the above instructions are not followed.<\/p><\/section>\t\t\t\t\t\t\t\t<\/div>\n\t\t\t\t<\/div>\n\t\t<div class=\"elementor-element elementor-element-5535597 e-con-full e-flex e-con e-child\" data-id=\"5535597\" data-element_type=\"container\" data-e-type=\"container\" data-settings=\"{&quot;jet_parallax_layout_list&quot;:[]}\">\n\t\t\t\t<div class=\"elementor-element elementor-element-ef80f90 elementor-widget elementor-widget-button\" data-id=\"ef80f90\" data-element_type=\"widget\" data-e-type=\"widget\" data-widget_type=\"button.default\">\n\t\t\t\t<div class=\"elementor-widget-container\">\n\t\t\t\t\t\t\t\t\t<div class=\"elementor-button-wrapper\">\n\t\t\t\t\t<a class=\"elementor-button elementor-button-link elementor-size-sm\" href=\"\/en\/contact-details\/\">\n\t\t\t\t\t\t<span class=\"elementor-button-content-wrapper\">\n\t\t\t\t\t\t\t\t\t<span class=\"elementor-button-text\">Contact us<\/span>\n\t\t\t\t\t<\/span>\n\t\t\t\t\t<\/a>\n\t\t\t\t<\/div>\n\t\t\t\t\t\t\t\t<\/div>\n\t\t\t\t<\/div>\n\t\t\t\t<\/div>\n\t\t\t\t<\/div>\n\t\t\t\t<\/div>\n\t\t\t\t<\/div>\n\t\t\t\t\t<\/div>\n\t\t<\/div>\n\t\t\t\t\t\t<\/div>\n\t\t\t\t<\/div>\n\t\t\t\t\t<\/div>\n\t\t\t\t<\/div>\n\t\t\t\t<\/div>","protected":false},"excerpt":{"rendered":"<p>till service &amp; lager Service \u00c5terk\u00f6p &amp; Returer Hyrd instrumentering Kontakta oss Produkter som skickas till Service F\u00f6r att garantera [&hellip;]<\/p>\n","protected":false},"author":2,"featured_media":0,"parent":0,"menu_order":0,"comment_status":"closed","ping_status":"closed","template":"","meta":{"site-sidebar-layout":"no-sidebar","site-content-layout":"","ast-site-content-layout":"full-width-container","site-content-style":"default","site-sidebar-style":"default","ast-global-header-display":"","ast-banner-title-visibility":"","ast-main-header-display":"","ast-hfb-above-header-display":"","ast-hfb-below-header-display":"","ast-hfb-mobile-header-display":"","site-post-title":"disabled","ast-breadcrumbs-content":"","ast-featured-img":"disabled","footer-sml-layout":"","ast-disable-related-posts":"","theme-transparent-header-meta":"","adv-header-id-meta":"","stick-header-meta":"","header-above-stick-meta":"","header-main-stick-meta":"","header-below-stick-meta":"","astra-migrate-meta-layouts":"default","ast-page-background-enabled":"default","ast-page-background-meta":{"desktop":{"background-color":"var(--ast-global-color-4)","background-image":"","background-repeat":"repeat","background-position":"center center","background-size":"auto","background-attachment":"scroll","background-type":"","background-media":"","overlay-type":"","overlay-color":"","overlay-opacity":"","overlay-gradient":""},"tablet":{"background-color":"","background-image":"","background-repeat":"repeat","background-position":"center center","background-size":"auto","background-attachment":"scroll","background-type":"","background-media":"","overlay-type":"","overlay-color":"","overlay-opacity":"","overlay-gradient":""},"mobile":{"background-color":"","background-image":"","background-repeat":"repeat","background-position":"center center","background-size":"auto","background-attachment":"scroll","background-type":"","background-media":"","overlay-type":"","overlay-color":"","overlay-opacity":"","overlay-gradient":""}},"ast-content-background-meta":{"desktop":{"background-color":"var(--ast-global-color-5)","background-image":"","background-repeat":"repeat","background-position":"center center","background-size":"auto","background-attachment":"scroll","background-type":"","background-media":"","overlay-type":"","overlay-color":"","overlay-opacity":"","overlay-gradient":""},"tablet":{"background-color":"var(--ast-global-color-5)","background-image":"","background-repeat":"repeat","background-position":"center center","background-size":"auto","background-attachment":"scroll","background-type":"","background-media":"","overlay-type":"","overlay-color":"","overlay-opacity":"","overlay-gradient":""},"mobile":{"background-color":"var(--ast-global-color-5)","background-image":"","background-repeat":"repeat","background-position":"center center","background-size":"auto","background-attachment":"scroll","background-type":"","background-media":"","overlay-type":"","overlay-color":"","overlay-opacity":"","overlay-gradient":""}},"footnotes":""},"class_list":["post-4219","page","type-page","status-publish","hentry"],"_links":{"self":[{"href":"https:\/\/www.omniprocess.se\/en\/wp-json\/wp\/v2\/pages\/4219","targetHints":{"allow":["GET"]}}],"collection":[{"href":"https:\/\/www.omniprocess.se\/en\/wp-json\/wp\/v2\/pages"}],"about":[{"href":"https:\/\/www.omniprocess.se\/en\/wp-json\/wp\/v2\/types\/page"}],"author":[{"embeddable":true,"href":"https:\/\/www.omniprocess.se\/en\/wp-json\/wp\/v2\/users\/2"}],"replies":[{"embeddable":true,"href":"https:\/\/www.omniprocess.se\/en\/wp-json\/wp\/v2\/comments?post=4219"}],"version-history":[{"count":5,"href":"https:\/\/www.omniprocess.se\/en\/wp-json\/wp\/v2\/pages\/4219\/revisions"}],"predecessor-version":[{"id":13410,"href":"https:\/\/www.omniprocess.se\/en\/wp-json\/wp\/v2\/pages\/4219\/revisions\/13410"}],"wp:attachment":[{"href":"https:\/\/www.omniprocess.se\/en\/wp-json\/wp\/v2\/media?parent=4219"}],"curies":[{"name":"wp","href":"https:\/\/api.w.org\/{rel}","templated":true}]}}