{"id":6903,"date":"2025-05-21T13:16:21","date_gmt":"2025-05-21T11:16:21","guid":{"rendered":"https:\/\/www.omniprocess.se\/?page_id=6903"},"modified":"2025-05-21T13:47:46","modified_gmt":"2025-05-21T11:47:46","slug":"terms-of-delivery","status":"publish","type":"page","link":"https:\/\/www.omniprocess.se\/en\/leveransvillkor\/","title":{"rendered":"Terms of delivery"},"content":{"rendered":"<div data-elementor-type=\"wp-page\" data-elementor-id=\"6903\" class=\"elementor elementor-6903\" data-elementor-post-type=\"page\">\n\t\t\t\t<div class=\"elementor-element elementor-element-3200a63 e-flex e-con-boxed e-con e-parent\" data-id=\"3200a63\" data-element_type=\"container\" data-e-type=\"container\" data-settings=\"{&quot;background_background&quot;:&quot;classic&quot;,&quot;jet_parallax_layout_list&quot;:[]}\">\n\t\t\t\t\t<div class=\"e-con-inner\">\n\t\t\t\t\t<\/div>\n\t\t\t\t<\/div>\n\t\t<div class=\"elementor-element elementor-element-af04238 e-flex e-con-boxed e-con e-parent\" data-id=\"af04238\" data-element_type=\"container\" data-e-type=\"container\" data-settings=\"{&quot;jet_parallax_layout_list&quot;:[]}\">\n\t\t\t\t\t<div class=\"e-con-inner\">\n\t\t<div class=\"elementor-element elementor-element-bcda1bd e-con-full e-flex e-con e-child\" data-id=\"bcda1bd\" data-element_type=\"container\" data-e-type=\"container\" data-settings=\"{&quot;background_background&quot;:&quot;classic&quot;,&quot;jet_parallax_layout_list&quot;:[]}\">\n\t\t\t\t<div class=\"elementor-element elementor-element-68281f4 elementor-widget elementor-widget-text-editor\" data-id=\"68281f4\" data-element_type=\"widget\" data-e-type=\"widget\" data-widget_type=\"text-editor.default\">\n\t\t\t\t<div class=\"elementor-widget-container\">\n\t\t\t\t\t\t\t\t\t<div class=\"columns small-12 medium-expand large-expand\"><h3 class=\"elementor-heading-title elementor-size-default elementor-inline-editing pen\" contenteditable=\"true\" data-elementor-setting-key=\"title\" data-pen-placeholder=\"Skriv h\u00e4r...\">Addtech<\/h3><p><a href=\"https:\/\/www.omniprocess.se\/wp-content\/uploads\/2025\/05\/addtech-general-terms-and-conditions-2025-46-v1_eng.pdf\" target=\"_blank\" rel=\"noopener\">General terms and conditions, 2025 (PDF)<\/a><br \/><a href=\"https:\/\/www.omniprocess.se\/wp-content\/uploads\/2025\/05\/addtech-allmanna-villkor-2025-46-v1_sv.pdf\" target=\"_blank\" rel=\"noopener\">General terms of delivery, 2025 (PDF)<\/a><\/p><\/div><h3>MLI<\/h3><p><a href=\"https:\/\/www.omniprocess.se\/wp-content\/uploads\/2025\/05\/iml-allm-lev-villkor-2009_sv.pdf\" target=\"_blank\" rel=\"noopener\">General conditions of supply, 2009 (PDF)<\/a><\/p><h3>EN<\/h3><p><a href=\"https:\/\/www.omniprocess.se\/wp-content\/uploads\/2025\/05\/nl-09-2009_sv.pdf\" target=\"_blank\" rel=\"noopener\">NL 09 - General conditions of supply, 2009 (PDF)<\/a><br \/><a href=\"https:\/\/www.omniprocess.se\/wp-content\/uploads\/2025\/05\/nl-17-2017_sv.pdf\" target=\"_blank\" rel=\"noopener\">NL 17 - General conditions of supply, 2017 (PDF)<\/a><\/p>\t\t\t\t\t\t\t\t<\/div>\n\t\t\t\t<\/div>\n\t\t<div class=\"elementor-element elementor-element-6adf98e e-flex e-con-boxed e-con e-child\" data-id=\"6adf98e\" data-element_type=\"container\" data-e-type=\"container\" data-settings=\"{&quot;jet_parallax_layout_list&quot;:[]}\">\n\t\t\t\t\t<div class=\"e-con-inner\">\n\t\t\t\t<div class=\"elementor-element elementor-element-e6edafc elementor-widget elementor-widget-button\" data-id=\"e6edafc\" data-element_type=\"widget\" data-e-type=\"widget\" data-widget_type=\"button.default\">\n\t\t\t\t<div class=\"elementor-widget-container\">\n\t\t\t\t\t\t\t\t\t<div class=\"elementor-button-wrapper\">\n\t\t\t\t\t<a class=\"elementor-button elementor-button-link elementor-size-sm\" href=\"\/en\/contact-details\/\">\n\t\t\t\t\t\t<span class=\"elementor-button-content-wrapper\">\n\t\t\t\t\t\t\t\t\t<span class=\"elementor-button-text\">Contact us<\/span>\n\t\t\t\t\t<\/span>\n\t\t\t\t\t<\/a>\n\t\t\t\t<\/div>\n\t\t\t\t\t\t\t\t<\/div>\n\t\t\t\t<\/div>\n\t\t\t\t\t<\/div>\n\t\t\t\t<\/div>\n\t\t\t\t<\/div>\n\t\t\t\t\t<\/div>\n\t\t\t\t<\/div>\n\t\t\t\t<\/div>","protected":false},"excerpt":{"rendered":"<p>Addtech General terms and conditions, 2025 (PDF)Allm\u00e4nna leveransvillkor, 2025 (PDF) IML Allm\u00e4nna leveransbest\u00e4mmelser, 2009 (PDF) NL NL 09 \u2013 Allm\u00e4nna [&hellip;]<\/p>\n","protected":false},"author":9,"featured_media":0,"parent":0,"menu_order":0,"comment_status":"closed","ping_status":"closed","template":"","meta":{"site-sidebar-layout":"default","site-content-layout":"","ast-site-content-layout":"default","site-content-style":"default","site-sidebar-style":"default","ast-global-header-display":"","ast-banner-title-visibility":"","ast-main-header-display":"","ast-hfb-above-header-display":"","ast-hfb-below-header-display":"","ast-hfb-mobile-header-display":"","site-post-title":"","ast-breadcrumbs-content":"","ast-featured-img":"","footer-sml-layout":"","ast-disable-related-posts":"","theme-transparent-header-meta":"","adv-header-id-meta":"","stick-header-meta":"","header-above-stick-meta":"","header-main-stick-meta":"","header-below-stick-meta":"","astra-migrate-meta-layouts":"default","ast-page-background-enabled":"default","ast-page-background-meta":{"desktop":{"background-color":"var(--ast-global-color-4)","background-image":"","background-repeat":"repeat","background-position":"center center","background-size":"auto","background-attachment":"scroll","background-type":"","background-media":"","overlay-type":"","overlay-color":"","overlay-opacity":"","overlay-gradient":""},"tablet":{"background-color":"","background-image":"","background-repeat":"repeat","background-position":"center center","background-size":"auto","background-attachment":"scroll","background-type":"","background-media":"","overlay-type":"","overlay-color":"","overlay-opacity":"","overlay-gradient":""},"mobile":{"background-color":"","background-image":"","background-repeat":"repeat","background-position":"center center","background-size":"auto","background-attachment":"scroll","background-type":"","background-media":"","overlay-type":"","overlay-color":"","overlay-opacity":"","overlay-gradient":""}},"ast-content-background-meta":{"desktop":{"background-color":"var(--ast-global-color-5)","background-image":"","background-repeat":"repeat","background-position":"center center","background-size":"auto","background-attachment":"scroll","background-type":"","background-media":"","overlay-type":"","overlay-color":"","overlay-opacity":"","overlay-gradient":""},"tablet":{"background-color":"var(--ast-global-color-5)","background-image":"","background-repeat":"repeat","background-position":"center center","background-size":"auto","background-attachment":"scroll","background-type":"","background-media":"","overlay-type":"","overlay-color":"","overlay-opacity":"","overlay-gradient":""},"mobile":{"background-color":"var(--ast-global-color-5)","background-image":"","background-repeat":"repeat","background-position":"center center","background-size":"auto","background-attachment":"scroll","background-type":"","background-media":"","overlay-type":"","overlay-color":"","overlay-opacity":"","overlay-gradient":""}},"footnotes":""},"class_list":["post-6903","page","type-page","status-publish","hentry"],"_links":{"self":[{"href":"https:\/\/www.omniprocess.se\/en\/wp-json\/wp\/v2\/pages\/6903","targetHints":{"allow":["GET"]}}],"collection":[{"href":"https:\/\/www.omniprocess.se\/en\/wp-json\/wp\/v2\/pages"}],"about":[{"href":"https:\/\/www.omniprocess.se\/en\/wp-json\/wp\/v2\/types\/page"}],"author":[{"embeddable":true,"href":"https:\/\/www.omniprocess.se\/en\/wp-json\/wp\/v2\/users\/9"}],"replies":[{"embeddable":true,"href":"https:\/\/www.omniprocess.se\/en\/wp-json\/wp\/v2\/comments?post=6903"}],"version-history":[{"count":5,"href":"https:\/\/www.omniprocess.se\/en\/wp-json\/wp\/v2\/pages\/6903\/revisions"}],"predecessor-version":[{"id":6972,"href":"https:\/\/www.omniprocess.se\/en\/wp-json\/wp\/v2\/pages\/6903\/revisions\/6972"}],"wp:attachment":[{"href":"https:\/\/www.omniprocess.se\/en\/wp-json\/wp\/v2\/media?parent=6903"}],"curies":[{"name":"wp","href":"https:\/\/api.w.org\/{rel}","templated":true}]}}