{"id":75,"date":"2024-04-05T12:41:26","date_gmt":"2024-04-05T10:41:26","guid":{"rendered":"https:\/\/www.omniprocess.se\/\/?page_id=75"},"modified":"2024-12-10T12:37:35","modified_gmt":"2024-12-10T11:37:35","slug":"calibration","status":"publish","type":"page","link":"https:\/\/www.omniprocess.se\/en\/kalibrering\/","title":{"rendered":"Calibration"},"content":{"rendered":"<div data-elementor-type=\"wp-page\" data-elementor-id=\"75\" class=\"elementor elementor-75\" data-elementor-post-type=\"page\">\n\t\t\t\t<div class=\"elementor-element elementor-element-cdb4589 e-flex e-con-boxed e-con e-parent\" data-id=\"cdb4589\" data-element_type=\"container\" data-e-type=\"container\" data-settings=\"{&quot;background_background&quot;:&quot;classic&quot;,&quot;jet_parallax_layout_list&quot;:[]}\">\n\t\t\t\t\t<div class=\"e-con-inner\">\n\t\t\t\t<div class=\"elementor-element elementor-element-09c8aba elementor-widget elementor-widget-heading\" data-id=\"09c8aba\" data-element_type=\"widget\" data-e-type=\"widget\" data-widget_type=\"heading.default\">\n\t\t\t\t<div class=\"elementor-widget-container\">\n\t\t\t\t\t<h2 class=\"elementor-heading-title elementor-size-default\">Measure right - every time<\/h2>\t\t\t\t<\/div>\n\t\t\t\t<\/div>\n\t\t\t\t\t<\/div>\n\t\t\t\t<\/div>\n\t\t<div class=\"elementor-element elementor-element-0fa57bb e-flex e-con-boxed e-con e-parent\" data-id=\"0fa57bb\" data-element_type=\"container\" data-e-type=\"container\" data-settings=\"{&quot;jet_parallax_layout_list&quot;:[]}\">\n\t\t\t\t\t<div class=\"e-con-inner\">\n\t\t<div class=\"elementor-element elementor-element-4b50929 e-con-full e-flex e-con e-child\" data-id=\"4b50929\" data-element_type=\"container\" data-e-type=\"container\" data-settings=\"{&quot;background_background&quot;:&quot;classic&quot;,&quot;jet_parallax_layout_list&quot;:[]}\">\n\t\t\t\t<div class=\"elementor-element elementor-element-b46083e elementor-widget elementor-widget-heading\" data-id=\"b46083e\" data-element_type=\"widget\" data-e-type=\"widget\" data-widget_type=\"heading.default\">\n\t\t\t\t<div class=\"elementor-widget-container\">\n\t\t\t\t\t<h2 class=\"elementor-heading-title elementor-size-default\"><h3 data-elementor-setting-key=\"title\" data-pen-placeholder=\"Skriv h\u00e4r...\" style=\"font-style: normal\">Calibration of pressure transmitters<span style=\"color: var( --e-global-color-text );font-size: 1.875rem;font-style: inherit;text-align: var(--text-align)\"><\/span><\/h3><\/h2>\t\t\t\t<\/div>\n\t\t\t\t<\/div>\n\t\t\t\t<div class=\"elementor-element elementor-element-0fb3e3e elementor-widget elementor-widget-text-editor\" data-id=\"0fb3e3e\" data-element_type=\"widget\" data-e-type=\"widget\" data-widget_type=\"text-editor.default\">\n\t\t\t\t<div class=\"elementor-widget-container\">\n\t\t\t\t\t\t\t\t\t<p>Ensuring that your pressure transmitters operate with the highest possible accuracy is critical to maintaining process quality and safety. OmniProcess performs precision calibrations that compare your instruments' readings to a calibrated reference standard, ensuring you can rely on your measurements.<\/p><h3>\u00a0<span style=\"font-size: 1.5rem; font-style: inherit; text-align: var(--text-align);\">Benefits of OmniProcess calibration<\/span><\/h3><ul><li><b>Precision<\/b>: Precise adjustments based on certified reference standards.<\/li><li><b>Reliability<\/b>: Reliable results that increase confidence in your measurement instruments.<\/li><li><b>Flexibility<\/b>: Calibration performed in our service workshop or on your premises.<\/li><li><b>Competence<\/b>: Experienced technicians using advanced calibration instruments.<\/li><\/ul><h3>Scope of the calibration service<\/h3><p>Our calibration service ranges from low to high pressure ranges and is customised for a variety of applications. From delicate laboratory settings to rugged industrial environments, our expertise ensures your instruments are calibrated for optimal performance.<\/p><table><tbody><tr><th colspan=\"2\">Specification table<\/th><\/tr><tr><td>Best accuracy:<\/td><td>-800 to 700 mbar<\/td><\/tr><tr><td>Calibration of higher pressures:<\/td><td>-1 to 20 bar<\/td><\/tr><tr><td>Other:<\/td><td>Contact us if you have other needs for pressure calibration<\/td><\/tr><\/tbody><\/table><p>Do you have questions or need help with calibration?\u00a0<a href=\"\/en\/support-service\/\">Contact us<\/a>\u00a0for personalised service and support.<\/p>\t\t\t\t\t\t\t\t<\/div>\n\t\t\t\t<\/div>\n\t\t<div class=\"elementor-element elementor-element-faeabe8 e-flex e-con-boxed e-con e-child\" data-id=\"faeabe8\" data-element_type=\"container\" data-e-type=\"container\" data-settings=\"{&quot;jet_parallax_layout_list&quot;:[]}\">\n\t\t\t\t\t<div class=\"e-con-inner\">\n\t\t\t\t<div class=\"elementor-element elementor-element-e96d423 elementor-widget elementor-widget-button\" data-id=\"e96d423\" data-element_type=\"widget\" data-e-type=\"widget\" data-widget_type=\"button.default\">\n\t\t\t\t<div class=\"elementor-widget-container\">\n\t\t\t\t\t\t\t\t\t<div class=\"elementor-button-wrapper\">\n\t\t\t\t\t<a class=\"elementor-button elementor-button-link elementor-size-sm\" href=\"\/en\/contact-details\/\">\n\t\t\t\t\t\t<span class=\"elementor-button-content-wrapper\">\n\t\t\t\t\t\t\t\t\t<span class=\"elementor-button-text\">Contact us<\/span>\n\t\t\t\t\t<\/span>\n\t\t\t\t\t<\/a>\n\t\t\t\t<\/div>\n\t\t\t\t\t\t\t\t<\/div>\n\t\t\t\t<\/div>\n\t\t\t\t\t<\/div>\n\t\t\t\t<\/div>\n\t\t\t\t<\/div>\n\t\t\t\t\t<\/div>\n\t\t\t\t<\/div>\n\t\t\t\t<\/div>","protected":false},"excerpt":{"rendered":"<p>M\u00e4t r\u00e4tt \u2013 varje g\u00e5ng Kalibrering av trycktransmittrar Att s\u00e4kerst\u00e4lla att era trycktransmittrar opererar med h\u00f6gsta m\u00f6jliga noggrannhet \u00e4r avg\u00f6rande [&hellip;]<\/p>\n","protected":false},"author":1,"featured_media":0,"parent":0,"menu_order":0,"comment_status":"closed","ping_status":"closed","template":"","meta":{"site-sidebar-layout":"default","site-content-layout":"","ast-site-content-layout":"default","site-content-style":"default","site-sidebar-style":"default","ast-global-header-display":"","ast-banner-title-visibility":"","ast-main-header-display":"","ast-hfb-above-header-display":"","ast-hfb-below-header-display":"","ast-hfb-mobile-header-display":"","site-post-title":"","ast-breadcrumbs-content":"","ast-featured-img":"","footer-sml-layout":"","ast-disable-related-posts":"","theme-transparent-header-meta":"","adv-header-id-meta":"","stick-header-meta":"","header-above-stick-meta":"","header-main-stick-meta":"","header-below-stick-meta":"","astra-migrate-meta-layouts":"default","ast-page-background-enabled":"default","ast-page-background-meta":{"desktop":{"background-color":"var(--ast-global-color-4)","background-image":"","background-repeat":"repeat","background-position":"center center","background-size":"auto","background-attachment":"scroll","background-type":"","background-media":"","overlay-type":"","overlay-color":"","overlay-opacity":"","overlay-gradient":""},"tablet":{"background-color":"","background-image":"","background-repeat":"repeat","background-position":"center center","background-size":"auto","background-attachment":"scroll","background-type":"","background-media":"","overlay-type":"","overlay-color":"","overlay-opacity":"","overlay-gradient":""},"mobile":{"background-color":"","background-image":"","background-repeat":"repeat","background-position":"center center","background-size":"auto","background-attachment":"scroll","background-type":"","background-media":"","overlay-type":"","overlay-color":"","overlay-opacity":"","overlay-gradient":""}},"ast-content-background-meta":{"desktop":{"background-color":"var(--ast-global-color-5)","background-image":"","background-repeat":"repeat","background-position":"center center","background-size":"auto","background-attachment":"scroll","background-type":"","background-media":"","overlay-type":"","overlay-color":"","overlay-opacity":"","overlay-gradient":""},"tablet":{"background-color":"var(--ast-global-color-5)","background-image":"","background-repeat":"repeat","background-position":"center center","background-size":"auto","background-attachment":"scroll","background-type":"","background-media":"","overlay-type":"","overlay-color":"","overlay-opacity":"","overlay-gradient":""},"mobile":{"background-color":"var(--ast-global-color-5)","background-image":"","background-repeat":"repeat","background-position":"center center","background-size":"auto","background-attachment":"scroll","background-type":"","background-media":"","overlay-type":"","overlay-color":"","overlay-opacity":"","overlay-gradient":""}},"footnotes":""},"class_list":["post-75","page","type-page","status-publish","hentry"],"_links":{"self":[{"href":"https:\/\/www.omniprocess.se\/en\/wp-json\/wp\/v2\/pages\/75","targetHints":{"allow":["GET"]}}],"collection":[{"href":"https:\/\/www.omniprocess.se\/en\/wp-json\/wp\/v2\/pages"}],"about":[{"href":"https:\/\/www.omniprocess.se\/en\/wp-json\/wp\/v2\/types\/page"}],"author":[{"embeddable":true,"href":"https:\/\/www.omniprocess.se\/en\/wp-json\/wp\/v2\/users\/1"}],"replies":[{"embeddable":true,"href":"https:\/\/www.omniprocess.se\/en\/wp-json\/wp\/v2\/comments?post=75"}],"version-history":[{"count":0,"href":"https:\/\/www.omniprocess.se\/en\/wp-json\/wp\/v2\/pages\/75\/revisions"}],"wp:attachment":[{"href":"https:\/\/www.omniprocess.se\/en\/wp-json\/wp\/v2\/media?parent=75"}],"curies":[{"name":"wp","href":"https:\/\/api.w.org\/{rel}","templated":true}]}}