{"id":77,"date":"2024-04-05T12:41:35","date_gmt":"2024-04-05T10:41:35","guid":{"rendered":"https:\/\/www.omniprocess.se\/\/?page_id=77"},"modified":"2024-12-10T10:10:54","modified_gmt":"2024-12-10T09:10:54","slug":"software-programmes","status":"publish","type":"page","link":"https:\/\/www.omniprocess.se\/en\/programvaror\/","title":{"rendered":"Software programmes"},"content":{"rendered":"<div data-elementor-type=\"wp-page\" data-elementor-id=\"77\" class=\"elementor elementor-77\" data-elementor-post-type=\"page\">\n\t\t\t\t<div class=\"elementor-element elementor-element-3200a63 e-flex e-con-boxed e-con e-parent\" data-id=\"3200a63\" data-element_type=\"container\" data-e-type=\"container\" data-settings=\"{&quot;background_background&quot;:&quot;classic&quot;,&quot;jet_parallax_layout_list&quot;:[]}\">\n\t\t\t\t\t<div class=\"e-con-inner\">\n\t\t\t\t<div class=\"elementor-element elementor-element-8976265 elementor-widget elementor-widget-heading\" data-id=\"8976265\" data-element_type=\"widget\" data-e-type=\"widget\" data-widget_type=\"heading.default\">\n\t\t\t\t<div class=\"elementor-widget-container\">\n\t\t\t\t\t<h2 class=\"elementor-heading-title elementor-size-default\">Software that optimises your process<\/h2>\t\t\t\t<\/div>\n\t\t\t\t<\/div>\n\t\t\t\t\t<\/div>\n\t\t\t\t<\/div>\n\t\t<div class=\"elementor-element elementor-element-af04238 e-flex e-con-boxed e-con e-parent\" data-id=\"af04238\" data-element_type=\"container\" data-e-type=\"container\" data-settings=\"{&quot;jet_parallax_layout_list&quot;:[]}\">\n\t\t\t\t\t<div class=\"e-con-inner\">\n\t\t<div class=\"elementor-element elementor-element-bcda1bd e-con-full e-flex e-con e-child\" data-id=\"bcda1bd\" data-element_type=\"container\" data-e-type=\"container\" data-settings=\"{&quot;background_background&quot;:&quot;classic&quot;,&quot;jet_parallax_layout_list&quot;:[]}\">\n\t\t\t\t<div class=\"elementor-element elementor-element-68281f4 elementor-widget elementor-widget-text-editor\" data-id=\"68281f4\" data-element_type=\"widget\" data-e-type=\"widget\" data-widget_type=\"text-editor.default\">\n\t\t\t\t<div class=\"elementor-widget-container\">\n\t\t\t\t\t\t\t\t\t<div class=\"columns small-12 medium-expand large-expand\"><h3 class=\"elementor-heading-title elementor-size-default elementor-inline-editing pen\" contenteditable=\"true\" data-elementor-setting-key=\"title\" data-pen-placeholder=\"Skriv h\u00e4r...\">Instrument configuration software<\/h3><p><span style=\"font-size: 16px;\">We now offer access to advanced tools from Yokogawa for configuration and maintenance of your instruments. With Yokogawa FieldMate and the associated DTM and DD files, the process of configuring, starting up, troubleshooting and maintaining your measuring instruments becomes both smooth and efficient.<\/span><\/p><\/div><h3>Yokogawa FieldMate and DTM files<\/h3><p>FieldMate is a versatile software solution that allows easy connection to a variety of communication standards such as HART, BRAIN, Profibus and Foundation Fieldbus. With support for both DTM and DD files, FieldMate offers the flexibility required for efficient instrument management.<\/p><p><a href=\"https:\/\/www.yokogawa.com\/library\/documents-downloads\/software\/yokogawa-dtm-hart\/?_gl=1*50q4f9*_up*MQ..*_ga*MTEzNjIyNDUyNy4xNzMzNzQ5NjA3*_ga_LTGSSNWVNV*MTczMzc0OTYwNi4xLjAuMTczMzc0OTYwNi4wLjAuMA..*_ga_VV6FBK0MQY*MTczMzc0OTYwNi4xLjAuMTczMzc0OTYwNi4wLjAuMA..*_ga_R5REPD589G*MTczMzc0OTYwNi4xLjAuMTczMzc0OTYwNi4wLjAuMA..\" target=\"_blank\" rel=\"noopener\">More information and download of FieldMate and DTM files<\/a><\/p><h3>DD files for Yokogawa instruments<\/h3><p>To configure Yokogawa instruments with FieldMate, DD files are needed. These files are essential for a smooth configuration and are available for download, giving you everything you need to get started.<\/p><p><a href=\"https:\/\/www.yokogawa.com\/eu\/library\/documents-downloads\/software\/yokogawa-fieldbus-ddcf-file-dpharp-eja-e-pressure-transmitter\/\" target=\"_blank\" rel=\"noopener\">Download DD files here<\/a><\/p><p>Do you have questions or need help with the configuration? <a href=\"https:\/\/www.omniprocess.se\/en\/support-service\/\">Contact us<\/a> for personalised service and support.<\/p>\t\t\t\t\t\t\t\t<\/div>\n\t\t\t\t<\/div>\n\t\t<div class=\"elementor-element elementor-element-6adf98e e-flex e-con-boxed e-con e-child\" data-id=\"6adf98e\" data-element_type=\"container\" data-e-type=\"container\" data-settings=\"{&quot;jet_parallax_layout_list&quot;:[]}\">\n\t\t\t\t\t<div class=\"e-con-inner\">\n\t\t\t\t<div class=\"elementor-element elementor-element-e6edafc elementor-widget elementor-widget-button\" data-id=\"e6edafc\" data-element_type=\"widget\" data-e-type=\"widget\" data-widget_type=\"button.default\">\n\t\t\t\t<div class=\"elementor-widget-container\">\n\t\t\t\t\t\t\t\t\t<div class=\"elementor-button-wrapper\">\n\t\t\t\t\t<a class=\"elementor-button elementor-button-link elementor-size-sm\" href=\"\/en\/contact-details\/\">\n\t\t\t\t\t\t<span class=\"elementor-button-content-wrapper\">\n\t\t\t\t\t\t\t\t\t<span class=\"elementor-button-text\">Contact us<\/span>\n\t\t\t\t\t<\/span>\n\t\t\t\t\t<\/a>\n\t\t\t\t<\/div>\n\t\t\t\t\t\t\t\t<\/div>\n\t\t\t\t<\/div>\n\t\t\t\t\t<\/div>\n\t\t\t\t<\/div>\n\t\t\t\t<\/div>\n\t\t\t\t\t<\/div>\n\t\t\t\t<\/div>\n\t\t\t\t<\/div>","protected":false},"excerpt":{"rendered":"<p>Mjukvaror som optimerar din process Programvaror f\u00f6r instrumentkonfiguration Vi erbjuder nu tillg\u00e5ng till avancerade verktyg fr\u00e5n Yokogawa f\u00f6r konfiguration och [&hellip;]<\/p>\n","protected":false},"author":1,"featured_media":0,"parent":0,"menu_order":0,"comment_status":"closed","ping_status":"closed","template":"","meta":{"site-sidebar-layout":"default","site-content-layout":"","ast-site-content-layout":"default","site-content-style":"default","site-sidebar-style":"default","ast-global-header-display":"","ast-banner-title-visibility":"","ast-main-header-display":"","ast-hfb-above-header-display":"","ast-hfb-below-header-display":"","ast-hfb-mobile-header-display":"","site-post-title":"","ast-breadcrumbs-content":"","ast-featured-img":"","footer-sml-layout":"","ast-disable-related-posts":"","theme-transparent-header-meta":"","adv-header-id-meta":"","stick-header-meta":"","header-above-stick-meta":"","header-main-stick-meta":"","header-below-stick-meta":"","astra-migrate-meta-layouts":"default","ast-page-background-enabled":"default","ast-page-background-meta":{"desktop":{"background-color":"var(--ast-global-color-4)","background-image":"","background-repeat":"repeat","background-position":"center center","background-size":"auto","background-attachment":"scroll","background-type":"","background-media":"","overlay-type":"","overlay-color":"","overlay-opacity":"","overlay-gradient":""},"tablet":{"background-color":"","background-image":"","background-repeat":"repeat","background-position":"center center","background-size":"auto","background-attachment":"scroll","background-type":"","background-media":"","overlay-type":"","overlay-color":"","overlay-opacity":"","overlay-gradient":""},"mobile":{"background-color":"","background-image":"","background-repeat":"repeat","background-position":"center center","background-size":"auto","background-attachment":"scroll","background-type":"","background-media":"","overlay-type":"","overlay-color":"","overlay-opacity":"","overlay-gradient":""}},"ast-content-background-meta":{"desktop":{"background-color":"var(--ast-global-color-5)","background-image":"","background-repeat":"repeat","background-position":"center center","background-size":"auto","background-attachment":"scroll","background-type":"","background-media":"","overlay-type":"","overlay-color":"","overlay-opacity":"","overlay-gradient":""},"tablet":{"background-color":"var(--ast-global-color-5)","background-image":"","background-repeat":"repeat","background-position":"center center","background-size":"auto","background-attachment":"scroll","background-type":"","background-media":"","overlay-type":"","overlay-color":"","overlay-opacity":"","overlay-gradient":""},"mobile":{"background-color":"var(--ast-global-color-5)","background-image":"","background-repeat":"repeat","background-position":"center center","background-size":"auto","background-attachment":"scroll","background-type":"","background-media":"","overlay-type":"","overlay-color":"","overlay-opacity":"","overlay-gradient":""}},"footnotes":""},"class_list":["post-77","page","type-page","status-publish","hentry"],"_links":{"self":[{"href":"https:\/\/www.omniprocess.se\/en\/wp-json\/wp\/v2\/pages\/77","targetHints":{"allow":["GET"]}}],"collection":[{"href":"https:\/\/www.omniprocess.se\/en\/wp-json\/wp\/v2\/pages"}],"about":[{"href":"https:\/\/www.omniprocess.se\/en\/wp-json\/wp\/v2\/types\/page"}],"author":[{"embeddable":true,"href":"https:\/\/www.omniprocess.se\/en\/wp-json\/wp\/v2\/users\/1"}],"replies":[{"embeddable":true,"href":"https:\/\/www.omniprocess.se\/en\/wp-json\/wp\/v2\/comments?post=77"}],"version-history":[{"count":0,"href":"https:\/\/www.omniprocess.se\/en\/wp-json\/wp\/v2\/pages\/77\/revisions"}],"wp:attachment":[{"href":"https:\/\/www.omniprocess.se\/en\/wp-json\/wp\/v2\/media?parent=77"}],"curies":[{"name":"wp","href":"https:\/\/api.w.org\/{rel}","templated":true}]}}