{"id":79,"date":"2024-04-05T12:41:44","date_gmt":"2024-04-05T10:41:44","guid":{"rendered":"https:\/\/www.omniprocess.se\/\/?page_id=79"},"modified":"2026-02-09T10:54:16","modified_gmt":"2026-02-09T09:54:16","slug":"financing","status":"publish","type":"page","link":"https:\/\/www.omniprocess.se\/en\/finansering\/","title":{"rendered":"Financing"},"content":{"rendered":"<div data-elementor-type=\"wp-page\" data-elementor-id=\"79\" class=\"elementor elementor-79\" data-elementor-post-type=\"page\">\n\t\t\t\t<div class=\"elementor-element elementor-element-20fb064 e-flex e-con-boxed e-con e-parent\" data-id=\"20fb064\" data-element_type=\"container\" data-e-type=\"container\" data-settings=\"{&quot;background_background&quot;:&quot;classic&quot;,&quot;jet_parallax_layout_list&quot;:[]}\">\n\t\t\t\t\t<div class=\"e-con-inner\">\n\t\t\t\t\t<\/div>\n\t\t\t\t<\/div>\n\t\t<div class=\"elementor-element elementor-element-53d9a2f e-flex e-con-boxed e-con e-parent\" data-id=\"53d9a2f\" data-element_type=\"container\" data-e-type=\"container\" data-settings=\"{&quot;jet_parallax_layout_list&quot;:[]}\">\n\t\t\t\t\t<div class=\"e-con-inner\">\n\t\t<div class=\"elementor-element elementor-element-4452eff e-con-full e-flex e-con e-child\" data-id=\"4452eff\" data-element_type=\"container\" data-e-type=\"container\" data-settings=\"{&quot;background_background&quot;:&quot;classic&quot;,&quot;jet_parallax_layout_list&quot;:[]}\">\n\t\t\t\t<div class=\"elementor-element elementor-element-1122240 elementor-widget elementor-widget-text-editor\" data-id=\"1122240\" data-element_type=\"widget\" data-e-type=\"widget\" data-widget_type=\"text-editor.default\">\n\t\t\t\t<div class=\"elementor-widget-container\">\n\t\t\t\t\t\t\t\t\t<h2>Financing<\/h2><p>At OmniProcess, we understand that every business' needs are unique. That's why we now offer fully customised equipment leasing and rental financing solutions, designed to perfectly match your specific needs and circumstances. We take a personalised and flexible approach to each financing case, without tying ourselves to a single financing partner.<\/p><h3>Benefits of Financing<\/h3><ul><li><strong>Flexibility:<\/strong>\u00a0Solutions tailored to your company's budget and needs.<\/li><li><strong>Access to the latest technology:<\/strong>\u00a0Easily update to the latest equipment without major capital investment.<\/li><li><strong>Personalised service:<\/strong>\u00a0Direct contact with our financing experts to find the best solution for you.<\/li><\/ul><p>Want to know more about how we can customise a financing solution for your business?\u00a0<a href=\"\/en\/contact-details\/\">Contact us<\/a>\u00a0today for a personalised consultation.<\/p>\t\t\t\t\t\t\t\t<\/div>\n\t\t\t\t<\/div>\n\t\t<div class=\"elementor-element elementor-element-aa83e1f e-flex e-con-boxed e-con e-child\" data-id=\"aa83e1f\" data-element_type=\"container\" data-e-type=\"container\" data-settings=\"{&quot;jet_parallax_layout_list&quot;:[]}\">\n\t\t\t\t\t<div class=\"e-con-inner\">\n\t\t\t\t<div class=\"elementor-element elementor-element-8f5d846 elementor-widget elementor-widget-button\" data-id=\"8f5d846\" data-element_type=\"widget\" data-e-type=\"widget\" data-widget_type=\"button.default\">\n\t\t\t\t<div class=\"elementor-widget-container\">\n\t\t\t\t\t\t\t\t\t<div class=\"elementor-button-wrapper\">\n\t\t\t\t\t<a class=\"elementor-button elementor-button-link elementor-size-sm\" href=\"\/en\/contact-details\/\">\n\t\t\t\t\t\t<span class=\"elementor-button-content-wrapper\">\n\t\t\t\t\t\t\t\t\t<span class=\"elementor-button-text\">Contact us<\/span>\n\t\t\t\t\t<\/span>\n\t\t\t\t\t<\/a>\n\t\t\t\t<\/div>\n\t\t\t\t\t\t\t\t<\/div>\n\t\t\t\t<\/div>\n\t\t\t\t\t<\/div>\n\t\t\t\t<\/div>\n\t\t\t\t<\/div>\n\t\t<div class=\"elementor-element elementor-element-be7db79 e-con-full e-flex e-con e-child\" data-id=\"be7db79\" data-element_type=\"container\" data-e-type=\"container\" data-settings=\"{&quot;background_background&quot;:&quot;classic&quot;,&quot;jet_parallax_layout_list&quot;:[]}\">\n\t\t\t\t<div class=\"elementor-element elementor-element-f752105 elementor-widget elementor-widget-image\" data-id=\"f752105\" data-element_type=\"widget\" data-e-type=\"widget\" data-widget_type=\"image.default\">\n\t\t\t\t<div class=\"elementor-widget-container\">\n\t\t\t\t\t\t\t\t\t\t\t\t\t\t\t<img decoding=\"async\" width=\"735\" height=\"1024\" src=\"https:\/\/www.omniprocess.se\/wp-content\/uploads\/2026\/02\/omniprocess-karta-2026-735x1024.avif\" class=\"attachment-large size-large wp-image-13380 has-transparency\" alt=\"\" srcset=\"https:\/\/www.omniprocess.se\/wp-content\/uploads\/2026\/02\/omniprocess-karta-2026-735x1024.avif 735w, https:\/\/www.omniprocess.se\/wp-content\/uploads\/2026\/02\/omniprocess-karta-2026-215x300.avif 215w, https:\/\/www.omniprocess.se\/wp-content\/uploads\/2026\/02\/omniprocess-karta-2026-768x1071.avif 768w, https:\/\/www.omniprocess.se\/wp-content\/uploads\/2026\/02\/omniprocess-karta-2026-9x12.avif 9w, https:\/\/www.omniprocess.se\/wp-content\/uploads\/2026\/02\/omniprocess-karta-2026-300x418.avif 300w, https:\/\/www.omniprocess.se\/wp-content\/uploads\/2026\/02\/omniprocess-karta-2026-600x836.avif 600w, https:\/\/www.omniprocess.se\/wp-content\/uploads\/2026\/02\/omniprocess-karta-2026-64x89.avif 64w, https:\/\/www.omniprocess.se\/wp-content\/uploads\/2026\/02\/omniprocess-karta-2026.avif 1076w\" sizes=\"(max-width: 735px) 100vw, 735px\" data-has-transparency=\"true\" data-dominant-color=\"75797a\" style=\"--dominant-color: #75797a\">\t\t\t\t\t\t\t\t\t\t\t\t\t\t\t<\/div>\n\t\t\t\t<\/div>\n\t\t\t\t<\/div>\n\t\t\t\t\t<\/div>\n\t\t\t\t<\/div>\n\t\t\t\t<\/div>","protected":false},"excerpt":{"rendered":"<p>Finansiering Vi p\u00e5 OmniProcess f\u00f6rst\u00e5r att varje f\u00f6retags behov \u00e4r unikt. D\u00e4rf\u00f6r erbjuder vi nu helt skr\u00e4ddarsydda finansieringsl\u00f6sningar f\u00f6r leasing [&hellip;]<\/p>\n","protected":false},"author":1,"featured_media":0,"parent":0,"menu_order":0,"comment_status":"closed","ping_status":"closed","template":"","meta":{"site-sidebar-layout":"default","site-content-layout":"","ast-site-content-layout":"default","site-content-style":"default","site-sidebar-style":"default","ast-global-header-display":"","ast-banner-title-visibility":"","ast-main-header-display":"","ast-hfb-above-header-display":"","ast-hfb-below-header-display":"","ast-hfb-mobile-header-display":"","site-post-title":"","ast-breadcrumbs-content":"","ast-featured-img":"","footer-sml-layout":"","ast-disable-related-posts":"","theme-transparent-header-meta":"","adv-header-id-meta":"","stick-header-meta":"","header-above-stick-meta":"","header-main-stick-meta":"","header-below-stick-meta":"","astra-migrate-meta-layouts":"default","ast-page-background-enabled":"default","ast-page-background-meta":{"desktop":{"background-color":"var(--ast-global-color-4)","background-image":"","background-repeat":"repeat","background-position":"center center","background-size":"auto","background-attachment":"scroll","background-type":"","background-media":"","overlay-type":"","overlay-color":"","overlay-opacity":"","overlay-gradient":""},"tablet":{"background-color":"","background-image":"","background-repeat":"repeat","background-position":"center center","background-size":"auto","background-attachment":"scroll","background-type":"","background-media":"","overlay-type":"","overlay-color":"","overlay-opacity":"","overlay-gradient":""},"mobile":{"background-color":"","background-image":"","background-repeat":"repeat","background-position":"center center","background-size":"auto","background-attachment":"scroll","background-type":"","background-media":"","overlay-type":"","overlay-color":"","overlay-opacity":"","overlay-gradient":""}},"ast-content-background-meta":{"desktop":{"background-color":"var(--ast-global-color-5)","background-image":"","background-repeat":"repeat","background-position":"center center","background-size":"auto","background-attachment":"scroll","background-type":"","background-media":"","overlay-type":"","overlay-color":"","overlay-opacity":"","overlay-gradient":""},"tablet":{"background-color":"var(--ast-global-color-5)","background-image":"","background-repeat":"repeat","background-position":"center center","background-size":"auto","background-attachment":"scroll","background-type":"","background-media":"","overlay-type":"","overlay-color":"","overlay-opacity":"","overlay-gradient":""},"mobile":{"background-color":"var(--ast-global-color-5)","background-image":"","background-repeat":"repeat","background-position":"center center","background-size":"auto","background-attachment":"scroll","background-type":"","background-media":"","overlay-type":"","overlay-color":"","overlay-opacity":"","overlay-gradient":""}},"footnotes":""},"class_list":["post-79","page","type-page","status-publish","hentry"],"_links":{"self":[{"href":"https:\/\/www.omniprocess.se\/en\/wp-json\/wp\/v2\/pages\/79","targetHints":{"allow":["GET"]}}],"collection":[{"href":"https:\/\/www.omniprocess.se\/en\/wp-json\/wp\/v2\/pages"}],"about":[{"href":"https:\/\/www.omniprocess.se\/en\/wp-json\/wp\/v2\/types\/page"}],"author":[{"embeddable":true,"href":"https:\/\/www.omniprocess.se\/en\/wp-json\/wp\/v2\/users\/1"}],"replies":[{"embeddable":true,"href":"https:\/\/www.omniprocess.se\/en\/wp-json\/wp\/v2\/comments?post=79"}],"version-history":[{"count":3,"href":"https:\/\/www.omniprocess.se\/en\/wp-json\/wp\/v2\/pages\/79\/revisions"}],"predecessor-version":[{"id":13389,"href":"https:\/\/www.omniprocess.se\/en\/wp-json\/wp\/v2\/pages\/79\/revisions\/13389"}],"wp:attachment":[{"href":"https:\/\/www.omniprocess.se\/en\/wp-json\/wp\/v2\/media?parent=79"}],"curies":[{"name":"wp","href":"https:\/\/api.w.org\/{rel}","templated":true}]}}