{"id":13790,"date":"2026-03-25T10:49:20","date_gmt":"2026-03-25T09:49:20","guid":{"rendered":"https:\/\/www.omniprocess.se\/?post_type=product&#038;p=13790"},"modified":"2026-03-25T14:13:39","modified_gmt":"2026-03-25T13:13:39","slug":"2l100-ventilblock","status":"publish","type":"product","link":"https:\/\/www.omniprocess.se\/en\/produkt\/tryckmatare\/ventilblock\/2l100-ventilblock\/","title":{"rendered":"2L100 Ventilblock"},"content":{"rendered":"<p><strong>LIV N\u00e5lventil Serie 2L<\/strong><\/p>\n<p><span data-path-to-node=\"3,1\"><span class=\"citation-106\">Denna n\u00e5lventil \u00e4r utformad med tv\u00e5 ventiler f\u00f6r att hantera b\u00e5de isolering och avluftning eller dr\u00e4nering i samma enhet<\/span><\/span><span data-path-to-node=\"3,3\">. <\/span><span data-path-to-node=\"3,5\"><span class=\"citation-105\">Ventilhusets konstruktion \u00e4r maskinbearbetad fr\u00e5n fyrkantigt eller rektangul\u00e4rt st\u00e5ngst\u00e5l f\u00f6r att s\u00e4kerst\u00e4lla h\u00f6g kvalitet<\/span><\/span><span data-path-to-node=\"3,7\">.<\/span><\/p>\n<p><strong>Advantages:<\/strong><\/p>\n<ul>\n<li>\n<p data-path-to-node=\"5,0,0\"><span data-path-to-node=\"5,0,0,1\"><span class=\"citation-104\">Tydlig indikering med f\u00e4rgkodade dammskydd (bl\u00e5tt f\u00f6r isolering, r\u00f6tt f\u00f6r avluftning) <\/span><\/span><\/p>\n<\/li>\n<li>\n<p data-path-to-node=\"5,1,0\"><span data-path-to-node=\"5,1,0,1\"><span class=\"citation-103\">H\u00f6g drifts\u00e4kerhet tack vare att spindelg\u00e4ngan \u00e4r placerad externt, utanf\u00f6r packboxen <\/span><\/span><\/p>\n<\/li>\n<li>\n<p data-path-to-node=\"5,2,0\"><span data-path-to-node=\"5,2,0,1\"><span class=\"citation-102\">\u00d6kad h\u00e5llbarhet med inbyggd baks\u00e4tesfunktion (&#8221;back seating&#8221;) och icke-roterande ventilspets <\/span><\/span><\/p>\n<\/li>\n<li>\n<p id=\"p-rc_3e368d18ce469efb-41\" data-path-to-node=\"5,3,0\"><span data-path-to-node=\"5,3,0,1\"><span class=\"citation-101\">Designad f\u00f6r att uppfylla kraven i PED 2014\/68\/EU<\/span><\/span><\/p>\n<\/li>\n<\/ul>\n<p><strong>Specifications:<\/strong><\/p>\n<ul>\n<li>\n<p data-path-to-node=\"7,0,0\"><span data-path-to-node=\"7,0,0,1\"><span class=\"citation-100\">Maximalt arbetstryck: 420 bar (6000 psi) eller 690 bar (10000 psi) <\/span><\/span><\/p>\n<\/li>\n<li>\n<p id=\"p-rc_3e368d18ce469efb-43\" data-path-to-node=\"7,1,0\"><span data-path-to-node=\"7,1,0,1\"><span class=\"citation-99\">Temperatur: +100\u00b0C till +260\u00b0C (med PTFE-packning) eller +50\u00b0C till +500\u00b0C (med grafitpackning)<\/span><\/span><\/p>\n<\/li>\n<\/ul>\n<p><strong>Connections:<\/strong><\/p>\n<ul>\n<li>\n<p data-path-to-node=\"9,0,0\"><span data-path-to-node=\"9,0,0,1\"><span class=\"citation-98\">Ventilerna har storlekar fr\u00e5n 1\/4\u2033 till 1\/2\u2033<\/span><\/span><span data-path-to-node=\"9,0,0,3\">.<\/span><\/p>\n<\/li>\n<li>\n<p id=\"p-rc_3e368d18ce469efb-45\" data-path-to-node=\"9,1,0\"><span data-path-to-node=\"9,1,0,1\"><span class=\"citation-97\">Som standard anv\u00e4nds NPT-anslutning, men inv\u00e4ndig\/utv\u00e4ndig BSPP-g\u00e4nga och svetsanslutning (Socket Weld) finns som alternativ<\/span><\/span><span data-path-to-node=\"9,1,0,3\">.<\/span><\/p>\n<\/li>\n<\/ul>\n<p><span data-path-to-node=\"10,1\"><span class=\"citation-96\">Ventilen tillverkas standardm\u00e4ssigt i AISI 316-material<\/span><\/span><span data-path-to-node=\"10,3\">. <\/span><span data-path-to-node=\"10,5\"><span class=\"citation-95\">Andra material som 22Cr Duplex och 25Cr Duplex finns tillg\u00e4ngliga vid behov<\/span><\/span><span data-path-to-node=\"10,8\"><span class=\"citation-94\">, och r\u00e5materialet kan \u00e4ven levereras i enlighet med NORSOK M 630<\/span><\/span><span data-path-to-node=\"10,10\">.<\/span><\/p>\n<p><a href=\"https:\/\/lisbergvalves.dk\/products-2\/needle-valves\/series-2l\/\" target=\"_blank\" rel=\"noopener\">Se det senaste databladet h\u00e4r<\/a><\/p>","protected":false},"excerpt":{"rendered":"<div>\n<div>\n<div>\n<div>\n<h4>Lisberg Valves LIV n\u00e5lventil<\/h4>\n<\/div>\n<\/div>\n<\/div>\n<\/div>\n<div>\n<div dir=\"auto\" data-message-author-role=\"assistant\" data-message-id=\"aed249ff-5fcf-4154-bea8-1f239bc79ed7\">\n<p>LIV-n\u00e5lventilen \u00e4r konstruerad med dubbla ventiler f\u00f6r att m\u00f6jligg\u00f6ra b\u00e5de isolering och avluftning eller dr\u00e4nering i ett och samma system. Ventilhusets robusta design baseras p\u00e5 maskinbearbetat st\u00e5ngst\u00e5l med fyrkantig eller rektangul\u00e4r profil. Materialet i ventilen kan anpassas helt efter kundens specifika \u00f6nskem\u00e5l eller levereras i enlighet med den strikta standarden NORSOK M 630.<\/p>\n<\/div>\n<\/div>","protected":false},"featured_media":13781,"template":"","meta":{"site-sidebar-layout":"default","site-content-layout":"","ast-site-content-layout":"default","site-content-style":"default","site-sidebar-style":"default","ast-global-header-display":"","ast-banner-title-visibility":"","ast-main-header-display":"","ast-hfb-above-header-display":"","ast-hfb-below-header-display":"","ast-hfb-mobile-header-display":"","site-post-title":"","ast-breadcrumbs-content":"","ast-featured-img":"","footer-sml-layout":"","ast-disable-related-posts":"","theme-transparent-header-meta":"default","adv-header-id-meta":"","stick-header-meta":"","header-above-stick-meta":"","header-main-stick-meta":"","header-below-stick-meta":"","astra-migrate-meta-layouts":"set","ast-page-background-enabled":"default","ast-page-background-meta":{"desktop":{"background-color":"var(--ast-global-color-4)","background-image":"","background-repeat":"repeat","background-position":"center center","background-size":"auto","background-attachment":"scroll","background-type":"","background-media":"","overlay-type":"","overlay-color":"","overlay-opacity":"","overlay-gradient":""},"tablet":{"background-color":"","background-image":"","background-repeat":"repeat","background-position":"center center","background-size":"auto","background-attachment":"scroll","background-type":"","background-media":"","overlay-type":"","overlay-color":"","overlay-opacity":"","overlay-gradient":""},"mobile":{"background-color":"","background-image":"","background-repeat":"repeat","background-position":"center center","background-size":"auto","background-attachment":"scroll","background-type":"","background-media":"","overlay-type":"","overlay-color":"","overlay-opacity":"","overlay-gradient":""}},"ast-content-background-meta":{"desktop":{"background-color":"var(--ast-global-color-5)","background-image":"","background-repeat":"repeat","background-position":"center center","background-size":"auto","background-attachment":"scroll","background-type":"","background-media":"","overlay-type":"","overlay-color":"","overlay-opacity":"","overlay-gradient":""},"tablet":{"background-color":"var(--ast-global-color-5)","background-image":"","background-repeat":"repeat","background-position":"center center","background-size":"auto","background-attachment":"scroll","background-type":"","background-media":"","overlay-type":"","overlay-color":"","overlay-opacity":"","overlay-gradient":""},"mobile":{"background-color":"var(--ast-global-color-5)","background-image":"","background-repeat":"repeat","background-position":"center center","background-size":"auto","background-attachment":"scroll","background-type":"","background-media":"","overlay-type":"","overlay-color":"","overlay-opacity":"","overlay-gradient":""}}},"pwb-brand":[2018],"product_brand":[],"product_cat":[20,94],"product_tag":[],"class_list":{"0":"post-13790","1":"product","2":"type-product","3":"status-publish","4":"has-post-thumbnail","6":"pwb-brand-lisberg-valves","7":"product_cat-tryckmatare","8":"product_cat-ventilblock","9":"desktop-align-left","10":"tablet-align-left","11":"mobile-align-left","13":"first","14":"instock","15":"shipping-taxable","16":"product-type-simple"},"brands":[{"id":2018,"name":"Lisberg Valves","slug":"lisberg-valves"}],"_links":{"self":[{"href":"https:\/\/www.omniprocess.se\/en\/wp-json\/wp\/v2\/product\/13790","targetHints":{"allow":["GET"]}}],"collection":[{"href":"https:\/\/www.omniprocess.se\/en\/wp-json\/wp\/v2\/product"}],"about":[{"href":"https:\/\/www.omniprocess.se\/en\/wp-json\/wp\/v2\/types\/product"}],"wp:featuredmedia":[{"embeddable":true,"href":"https:\/\/www.omniprocess.se\/en\/wp-json\/wp\/v2\/media\/13781"}],"wp:attachment":[{"href":"https:\/\/www.omniprocess.se\/en\/wp-json\/wp\/v2\/media?parent=13790"}],"wp:term":[{"taxonomy":"pwb-brand","embeddable":true,"href":"https:\/\/www.omniprocess.se\/en\/wp-json\/wp\/v2\/pwb-brand?post=13790"},{"taxonomy":"product_brand","embeddable":true,"href":"https:\/\/www.omniprocess.se\/en\/wp-json\/wp\/v2\/product_brand?post=13790"},{"taxonomy":"product_cat","embeddable":true,"href":"https:\/\/www.omniprocess.se\/en\/wp-json\/wp\/v2\/product_cat?post=13790"},{"taxonomy":"product_tag","embeddable":true,"href":"https:\/\/www.omniprocess.se\/en\/wp-json\/wp\/v2\/product_tag?post=13790"}],"curies":[{"name":"wp","href":"https:\/\/api.w.org\/{rel}","templated":true}]}}