{"id":13808,"date":"2026-03-25T13:43:29","date_gmt":"2026-03-25T12:43:29","guid":{"rendered":"https:\/\/www.omniprocess.se\/?post_type=product&#038;p=13808"},"modified":"2026-03-25T14:13:25","modified_gmt":"2026-03-25T13:13:25","slug":"liv3-ventilblock","status":"publish","type":"product","link":"https:\/\/www.omniprocess.se\/en\/produkt\/tryckmatare\/ventilblock\/liv3-ventilblock\/","title":{"rendered":"LIV3 Ventilblock"},"content":{"rendered":"<p><strong>LIV 3 Serie 3TO<\/strong><\/p>\n<p><span data-path-to-node=\"5,1\"><span class=\"citation-280\">Detta ventilblock \u00e4r utvecklat f\u00f6r direkt montering och ger en s\u00e4ker och tillf\u00f6rlitlig anslutning f\u00f6r tryckm\u00e4tning i industriella system<\/span><\/span><span data-path-to-node=\"5,3\">. Med en design som separerar r\u00f6rliga g\u00e4ngor fr\u00e5n processmediet \u00e4r produkten byggd f\u00f6r l\u00e5ngvarig prestanda.<\/span><\/p>\n<p><strong>Advantages:<\/strong><\/p>\n<ul>\n<li id=\"p-rc_4fc54ecc49340241-88\" data-path-to-node=\"7,0,0\"><span data-path-to-node=\"7,0,0,1\"><span class=\"citation-279\">Ventilspindelns g\u00e4nga \u00e4r placerad externt fr\u00e5n packboxen<\/span><\/span><span data-path-to-node=\"7,0,0,3\">.<\/span><\/li>\n<li id=\"p-rc_4fc54ecc49340241-89\" data-path-to-node=\"7,1,0\"><span data-path-to-node=\"7,1,0,1\"><span class=\"citation-278\">Ventilerna \u00e4r utrustade med &#8221;back-seating&#8221; och en icke-roterande, h\u00e4rdad ventilspets f\u00f6r \u00f6kad livsl\u00e4ngd och s\u00e4kerhet<\/span><\/span><span data-path-to-node=\"7,1,0,3\">.<\/span><\/li>\n<li id=\"p-rc_4fc54ecc49340241-90\" data-path-to-node=\"7,2,0\"><span data-path-to-node=\"7,2,0,1\"><span class=\"citation-277\">Dammskydden \u00e4r f\u00e4rgkodade f\u00f6r att enkelt indikera ventilens funktion (avst\u00e4ngning eller utj\u00e4mning)<\/span><\/span><span data-path-to-node=\"7,2,0,3\">.<\/span><\/li>\n<li id=\"p-rc_4fc54ecc49340241-91\" data-path-to-node=\"7,3,0\"><span data-path-to-node=\"7,3,0,1\"><span class=\"citation-276\">Designad i enlighet med direktivet PED 2014\/68\/EU<\/span><\/span><span data-path-to-node=\"7,3,0,3\">.<\/span><\/li>\n<\/ul>\n<p id=\"p-rc_4fc54ecc49340241-91\" data-path-to-node=\"7,3,0\"><strong style=\"font-size: 16px;\">Specifications:<\/strong><\/p>\n<ul>\n<li data-path-to-node=\"9,0,1\"><span class=\"citation-275\">Standardmaterial:<\/span><span class=\"citation-275\"> AISI 316 (ett brett utbud av specialmaterial som Duplex, Titanium och Inconel finns ocks\u00e5 tillg\u00e4ngliga)<\/span>.<\/li>\n<li data-path-to-node=\"9,1,1\"><span class=\"citation-274\">Packningsmaterial:<\/span><span class=\"citation-274\"> PTFE eller Grafit<\/span>.<\/li>\n<li data-path-to-node=\"9,2,1\"><span class=\"citation-273\">Man\u00f6vrering:<\/span><span class=\"citation-273\"> T-vred eller &#8221;Anti tamper&#8221; (manipuleringsskydd)<\/span>.<\/li>\n<li id=\"p-rc_4fc54ecc49340241-95\" data-path-to-node=\"9,3,1\"><span class=\"citation-272 interactive-span-hovered\">Assembly:<\/span><span class=\"citation-272 interactive-span-hovered\"> 54 mm standardavst\u00e5nd mellan plus- och minusanslutning, med 2 st M10 monteringsh\u00e5l (30 mm is\u00e4r)<\/span>.<\/li>\n<\/ul>\n<p><strong>Connections:<\/strong><\/p>\n<ul>\n<li data-path-to-node=\"11,0,1\"><span class=\"citation-271\">Inlopp:<\/span><span class=\"citation-271\"> 1\/2&#8243; NPT inv\u00e4ndig (standard) eller 1\/4&#8243; NPT inv\u00e4ndig<\/span>.<\/li>\n<li data-path-to-node=\"11,1,1\"><span class=\"citation-270\">Utlopp (transmittersida):<\/span><span class=\"citation-270\"> Enligt EN\/IEC 61518 typ A (standard) eller typ B<\/span>.<\/li>\n<li data-path-to-node=\"11,1,1\"><span class=\"citation-269\">Optional:<\/span><span class=\"citation-269\"> Finns \u00e4ven som modell med dr\u00e4neringsanslutning (Typ 3T001)<\/span>.<\/li>\n<\/ul>\n<p><span data-path-to-node=\"12,2\"><span class=\"citation-268\">Ventilhuset bearbetas i ett stycke direkt fr\u00e5n rektangul\u00e4rt st\u00e5ngmaterial<\/span><\/span><span data-path-to-node=\"12,4\">. <\/span><span data-path-to-node=\"12,6\"><span class=\"citation-267\">R\u00e5materialet till ventilblocken kan levereras i enlighet med standarden NORSOK M 630, eller anpassas helt utifr\u00e5n dina specifika kundkrav.<\/span><\/span><\/p>\n<p><a href=\"https:\/\/lisbergvalves.dk\/products-2\/manifold-valves\/series-3t0\/\" target=\"_blank\" rel=\"noopener\">Se det senaste databladet h\u00e4r<\/a><\/p>","protected":false},"excerpt":{"rendered":"<div>\n<div>\n<div>\n<div>\n<h4>Lisberg Valves LIV 3 Series<\/h4>\n<\/div>\n<\/div>\n<\/div>\n<\/div>\n<div>\n<div dir=\"auto\" data-message-author-role=\"assistant\" data-message-id=\"aed249ff-5fcf-4154-bea8-1f239bc79ed7\">\n<p><span data-path-to-node=\"2,1\"><span class=\"citation-283\">LIV 3 Serie 3T0 fr\u00e5n Lisberg Valves \u00e4r ett 3-ventilsblock utformat f\u00f6r direkt montering p\u00e5 differenstryckstransmittrar<\/span><\/span><span data-path-to-node=\"2,3\">. <\/span><span data-path-to-node=\"2,5\"><span class=\"citation-282\">Blocket har ett standardavst\u00e5nd p\u00e5 54 mm mellan plus- och minusanslutning och \u00e4r utrustat med tv\u00e5 avst\u00e4ngningsventiler samt en utj\u00e4mningsventil<\/span><\/span><span data-path-to-node=\"2,7\">. <\/span><span data-path-to-node=\"2,9\"><span class=\"citation-281\">Konstruktionen \u00e4r robust, s\u00e4kerhetsfokuserad och uppfyller tryckk\u00e4rlsdirektivet PED 2014\/68\/EU<\/span><\/span><span data-path-to-node=\"2,11\">.<\/span><\/p>\n<\/div>\n<\/div>","protected":false},"featured_media":13784,"template":"","meta":{"site-sidebar-layout":"default","site-content-layout":"","ast-site-content-layout":"default","site-content-style":"default","site-sidebar-style":"default","ast-global-header-display":"","ast-banner-title-visibility":"","ast-main-header-display":"","ast-hfb-above-header-display":"","ast-hfb-below-header-display":"","ast-hfb-mobile-header-display":"","site-post-title":"","ast-breadcrumbs-content":"","ast-featured-img":"","footer-sml-layout":"","ast-disable-related-posts":"","theme-transparent-header-meta":"default","adv-header-id-meta":"","stick-header-meta":"","header-above-stick-meta":"","header-main-stick-meta":"","header-below-stick-meta":"","astra-migrate-meta-layouts":"set","ast-page-background-enabled":"default","ast-page-background-meta":{"desktop":{"background-color":"var(--ast-global-color-4)","background-image":"","background-repeat":"repeat","background-position":"center center","background-size":"auto","background-attachment":"scroll","background-type":"","background-media":"","overlay-type":"","overlay-color":"","overlay-opacity":"","overlay-gradient":""},"tablet":{"background-color":"","background-image":"","background-repeat":"repeat","background-position":"center center","background-size":"auto","background-attachment":"scroll","background-type":"","background-media":"","overlay-type":"","overlay-color":"","overlay-opacity":"","overlay-gradient":""},"mobile":{"background-color":"","background-image":"","background-repeat":"repeat","background-position":"center center","background-size":"auto","background-attachment":"scroll","background-type":"","background-media":"","overlay-type":"","overlay-color":"","overlay-opacity":"","overlay-gradient":""}},"ast-content-background-meta":{"desktop":{"background-color":"var(--ast-global-color-5)","background-image":"","background-repeat":"repeat","background-position":"center center","background-size":"auto","background-attachment":"scroll","background-type":"","background-media":"","overlay-type":"","overlay-color":"","overlay-opacity":"","overlay-gradient":""},"tablet":{"background-color":"var(--ast-global-color-5)","background-image":"","background-repeat":"repeat","background-position":"center center","background-size":"auto","background-attachment":"scroll","background-type":"","background-media":"","overlay-type":"","overlay-color":"","overlay-opacity":"","overlay-gradient":""},"mobile":{"background-color":"var(--ast-global-color-5)","background-image":"","background-repeat":"repeat","background-position":"center center","background-size":"auto","background-attachment":"scroll","background-type":"","background-media":"","overlay-type":"","overlay-color":"","overlay-opacity":"","overlay-gradient":""}}},"pwb-brand":[2018],"product_brand":[],"product_cat":[20,94],"product_tag":[],"class_list":{"0":"post-13808","1":"product","2":"type-product","3":"status-publish","4":"has-post-thumbnail","6":"pwb-brand-lisberg-valves","7":"product_cat-tryckmatare","8":"product_cat-ventilblock","9":"desktop-align-left","10":"tablet-align-left","11":"mobile-align-left","13":"first","14":"instock","15":"shipping-taxable","16":"product-type-simple"},"brands":[{"id":2018,"name":"Lisberg Valves","slug":"lisberg-valves"}],"_links":{"self":[{"href":"https:\/\/www.omniprocess.se\/en\/wp-json\/wp\/v2\/product\/13808","targetHints":{"allow":["GET"]}}],"collection":[{"href":"https:\/\/www.omniprocess.se\/en\/wp-json\/wp\/v2\/product"}],"about":[{"href":"https:\/\/www.omniprocess.se\/en\/wp-json\/wp\/v2\/types\/product"}],"wp:featuredmedia":[{"embeddable":true,"href":"https:\/\/www.omniprocess.se\/en\/wp-json\/wp\/v2\/media\/13784"}],"wp:attachment":[{"href":"https:\/\/www.omniprocess.se\/en\/wp-json\/wp\/v2\/media?parent=13808"}],"wp:term":[{"taxonomy":"pwb-brand","embeddable":true,"href":"https:\/\/www.omniprocess.se\/en\/wp-json\/wp\/v2\/pwb-brand?post=13808"},{"taxonomy":"product_brand","embeddable":true,"href":"https:\/\/www.omniprocess.se\/en\/wp-json\/wp\/v2\/product_brand?post=13808"},{"taxonomy":"product_cat","embeddable":true,"href":"https:\/\/www.omniprocess.se\/en\/wp-json\/wp\/v2\/product_cat?post=13808"},{"taxonomy":"product_tag","embeddable":true,"href":"https:\/\/www.omniprocess.se\/en\/wp-json\/wp\/v2\/product_tag?post=13808"}],"curies":[{"name":"wp","href":"https:\/\/api.w.org\/{rel}","templated":true}]}}