{"id":13817,"date":"2026-03-25T13:55:37","date_gmt":"2026-03-25T12:55:37","guid":{"rendered":"https:\/\/www.omniprocess.se\/?post_type=product&#038;p=13817"},"modified":"2026-03-25T14:13:09","modified_gmt":"2026-03-25T13:13:09","slug":"liv5-ventilblock","status":"publish","type":"product","link":"https:\/\/www.omniprocess.se\/en\/produkt\/tryckmatare\/ventilblock\/liv5-ventilblock\/","title":{"rendered":"LIV5 Ventilblock"},"content":{"rendered":"<p><strong>LIV 5 Serie 5TO<\/strong><\/p>\n<p><span data-path-to-node=\"5,1\"><span class=\"citation-383\">Detta ventilblock m\u00f6jligg\u00f6r direktmontage p\u00e5 transmittrar d\u00e4r anslutningarna ligger utanf\u00f6r centrumlinjen<\/span><\/span><span data-path-to-node=\"5,3\">. <\/span><span data-path-to-node=\"5,5\"><span class=\"citation-382\">Genom att integrera flera funktioner i ett och samma block f\u00f6renklas b\u00e5de installation och underh\u00e5ll av m\u00e4tkretsen<\/span><\/span><span data-path-to-node=\"5,7\">.<\/span><\/p>\n<p><strong>Advantages:<\/strong><\/p>\n<ul>\n<li data-path-to-node=\"7,0,0\"><span data-path-to-node=\"7,0,0,1\"><span class=\"citation-381\">Ventilspindelns g\u00e4nga \u00e4r placerad utanf\u00f6r packboxen f\u00f6r att skydda mot processmedia<\/span><\/span><span data-path-to-node=\"7,0,0,3\">.<\/span><\/li>\n<li data-path-to-node=\"7,1,0\"><span data-path-to-node=\"7,1,0,1\"><span class=\"citation-380\">Utrustad med &#8221;back-seating&#8221; och en icke-roterande ventilspets f\u00f6r minskat slitage och \u00f6kad t\u00e4thet<\/span><\/span><span data-path-to-node=\"7,1,0,3\">.<\/span><\/li>\n<li data-path-to-node=\"7,2,0\"><span data-path-to-node=\"7,2,0,1\"><span class=\"citation-379\">F\u00e4rgkodade dammskydd underl\u00e4ttar identifiering av ventilernas funktioner (isolering, utj\u00e4mning, avluftning)<\/span><\/span><span data-path-to-node=\"7,2,0,3\">.<\/span><\/li>\n<li data-path-to-node=\"7,3,0\"><span data-path-to-node=\"7,3,0,1\"><span class=\"citation-378\">H\u00e4rdade ventilspetsar s\u00e4kerst\u00e4ller l\u00e5ng livsl\u00e4ngd \u00e4ven under kr\u00e4vande f\u00f6rh\u00e5llanden<\/span><\/span><span data-path-to-node=\"7,3,0,3\">.<\/span><\/li>\n<li id=\"p-rc_d1244901b2acf372-141\" data-path-to-node=\"7,4,0\"><span data-path-to-node=\"7,4,0,1\"><span class=\"citation-377\">Designad och godk\u00e4nd enligt tryckk\u00e4rlsdirektivet PED 2014\/68\/EU<\/span><\/span><span data-path-to-node=\"7,4,0,3\">.<\/span><\/li>\n<\/ul>\n<p id=\"p-rc_4fc54ecc49340241-91\" data-path-to-node=\"7,3,0\"><strong style=\"font-size: 16px;\">Specifications:<\/strong><\/p>\n<ul>\n<li>Material: AISI 316 som standard, men finns \u00e4ven i 22Cr Duplex, 25Cr Duplex och andra specialmaterial p\u00e5 beg\u00e4ran.<\/li>\n<li>T\u00e4tning\/Packning: Valbart mellan PTFE och Grafit.<\/li>\n<li>Man\u00f6vrering: Finns med T-vred (T-bar), manipuleringsskydd (Anti tamper) eller l\u00e5sbart manipuleringsskydd.<\/li>\n<li>Montering: Tv\u00e5 M10 monteringsh\u00e5l med 30 mm avst\u00e5nd.<\/li>\n<\/ul>\n<p><strong>Connections:<\/strong><\/p>\n<ul>\n<li>Inlopp: 1\/2&#8243; NPT inv\u00e4ndig g\u00e4nga som standard.<\/li>\n<li>Utlopp (transmittersida): Enligt EN 61518 typ A (standard) eller typ B.<\/li>\n<li>Avluftning (vent): 1\/4&#8243; NPT inv\u00e4ndig g\u00e4nga.<\/li>\n<\/ul>\n<p><span data-path-to-node=\"12,2\"><span class=\"citation-369\">Ventilhuset tillverkas genom precisionsbearbetning ur ett rektangul\u00e4rt st\u00e5ngmaterial<\/span><\/span><span data-path-to-node=\"12,4\">. <\/span><span data-path-to-node=\"12,6\"><span class=\"citation-368\">R\u00e5materialet kan levereras i enlighet med NORSOK M 630 eller anpassas helt efter specifika kundkrav f\u00f6r att m\u00f6ta strikta industristandarder<\/span><\/span><span data-path-to-node=\"12,8\">.<\/span><\/p>\n<p><a href=\"https:\/\/lisbergvalves.dk\/products-2\/manifold-valves\/series-5t0\/\" target=\"_blank\" rel=\"noopener\">Se det senaste databladet h\u00e4r<\/a><\/p>","protected":false},"excerpt":{"rendered":"<div>\n<div>\n<div>\n<div>\n<h4>Lisberg Valves LIV 5 Series<\/h4>\n<\/div>\n<\/div>\n<\/div>\n<\/div>\n<div>\n<div dir=\"auto\" data-message-author-role=\"assistant\" data-message-id=\"aed249ff-5fcf-4154-bea8-1f239bc79ed7\">\n<p>LIV 5 Serie 5T0 \u00e4r ett h\u00f6gkvalitativt 5-ventilsblock designat f\u00f6r direkt montering p\u00e5 differenstryckstransmittrar med ett standardavst\u00e5nd p\u00e5 54 mm. Blocket \u00e4r utrustat med tv\u00e5 avst\u00e4ngningsventiler samt tre utj\u00e4mnings- och\/eller avluftningsventiler f\u00f6r s\u00e4ker hantering av processmedia. Det \u00e4r en robust l\u00f6sning f\u00f6r industriella applikationer som kr\u00e4ver h\u00f6g precision och tillf\u00f6rlitlighet.<\/p>\n<\/div>\n<\/div>","protected":false},"featured_media":13787,"template":"","meta":{"site-sidebar-layout":"default","site-content-layout":"","ast-site-content-layout":"default","site-content-style":"default","site-sidebar-style":"default","ast-global-header-display":"","ast-banner-title-visibility":"","ast-main-header-display":"","ast-hfb-above-header-display":"","ast-hfb-below-header-display":"","ast-hfb-mobile-header-display":"","site-post-title":"","ast-breadcrumbs-content":"","ast-featured-img":"","footer-sml-layout":"","ast-disable-related-posts":"","theme-transparent-header-meta":"default","adv-header-id-meta":"","stick-header-meta":"","header-above-stick-meta":"","header-main-stick-meta":"","header-below-stick-meta":"","astra-migrate-meta-layouts":"set","ast-page-background-enabled":"default","ast-page-background-meta":{"desktop":{"background-color":"var(--ast-global-color-4)","background-image":"","background-repeat":"repeat","background-position":"center center","background-size":"auto","background-attachment":"scroll","background-type":"","background-media":"","overlay-type":"","overlay-color":"","overlay-opacity":"","overlay-gradient":""},"tablet":{"background-color":"","background-image":"","background-repeat":"repeat","background-position":"center center","background-size":"auto","background-attachment":"scroll","background-type":"","background-media":"","overlay-type":"","overlay-color":"","overlay-opacity":"","overlay-gradient":""},"mobile":{"background-color":"","background-image":"","background-repeat":"repeat","background-position":"center center","background-size":"auto","background-attachment":"scroll","background-type":"","background-media":"","overlay-type":"","overlay-color":"","overlay-opacity":"","overlay-gradient":""}},"ast-content-background-meta":{"desktop":{"background-color":"var(--ast-global-color-5)","background-image":"","background-repeat":"repeat","background-position":"center center","background-size":"auto","background-attachment":"scroll","background-type":"","background-media":"","overlay-type":"","overlay-color":"","overlay-opacity":"","overlay-gradient":""},"tablet":{"background-color":"var(--ast-global-color-5)","background-image":"","background-repeat":"repeat","background-position":"center center","background-size":"auto","background-attachment":"scroll","background-type":"","background-media":"","overlay-type":"","overlay-color":"","overlay-opacity":"","overlay-gradient":""},"mobile":{"background-color":"var(--ast-global-color-5)","background-image":"","background-repeat":"repeat","background-position":"center center","background-size":"auto","background-attachment":"scroll","background-type":"","background-media":"","overlay-type":"","overlay-color":"","overlay-opacity":"","overlay-gradient":""}}},"pwb-brand":[2018],"product_brand":[],"product_cat":[20,94],"product_tag":[],"class_list":{"0":"post-13817","1":"product","2":"type-product","3":"status-publish","4":"has-post-thumbnail","6":"pwb-brand-lisberg-valves","7":"product_cat-tryckmatare","8":"product_cat-ventilblock","9":"desktop-align-left","10":"tablet-align-left","11":"mobile-align-left","13":"first","14":"instock","15":"shipping-taxable","16":"product-type-simple"},"brands":[{"id":2018,"name":"Lisberg Valves","slug":"lisberg-valves"}],"_links":{"self":[{"href":"https:\/\/www.omniprocess.se\/en\/wp-json\/wp\/v2\/product\/13817","targetHints":{"allow":["GET"]}}],"collection":[{"href":"https:\/\/www.omniprocess.se\/en\/wp-json\/wp\/v2\/product"}],"about":[{"href":"https:\/\/www.omniprocess.se\/en\/wp-json\/wp\/v2\/types\/product"}],"wp:featuredmedia":[{"embeddable":true,"href":"https:\/\/www.omniprocess.se\/en\/wp-json\/wp\/v2\/media\/13787"}],"wp:attachment":[{"href":"https:\/\/www.omniprocess.se\/en\/wp-json\/wp\/v2\/media?parent=13817"}],"wp:term":[{"taxonomy":"pwb-brand","embeddable":true,"href":"https:\/\/www.omniprocess.se\/en\/wp-json\/wp\/v2\/pwb-brand?post=13817"},{"taxonomy":"product_brand","embeddable":true,"href":"https:\/\/www.omniprocess.se\/en\/wp-json\/wp\/v2\/product_brand?post=13817"},{"taxonomy":"product_cat","embeddable":true,"href":"https:\/\/www.omniprocess.se\/en\/wp-json\/wp\/v2\/product_cat?post=13817"},{"taxonomy":"product_tag","embeddable":true,"href":"https:\/\/www.omniprocess.se\/en\/wp-json\/wp\/v2\/product_tag?post=13817"}],"curies":[{"name":"wp","href":"https:\/\/api.w.org\/{rel}","templated":true}]}}