{"id":2223,"date":"2024-09-13T14:07:40","date_gmt":"2024-09-13T12:07:40","guid":{"rendered":"https:\/\/www.omniprocess.se\/\/?post_type=product&#038;p=2223"},"modified":"2024-09-17T11:19:07","modified_gmt":"2024-09-17T09:19:07","slug":"venturi-rudder-m-kona-emco-classic","status":"publish","type":"product","link":"https:\/\/www.omniprocess.se\/en\/produkt\/flodesmatare\/differenstryckmatare\/venturiror-m-kona-emco-klassisk\/","title":{"rendered":"Venturi tube M-cone EMCO Classic"},"content":{"rendered":"<div class=\"flex-shrink-0 flex flex-col relative items-end\">\n<div>\n<div class=\"pt-0\">\n<div class=\"gizmo-bot-avatar flex h-8 w-8 items-center justify-center overflow-hidden rounded-full\">\n<div class=\"relative p-1 rounded-sm flex items-center justify-center bg-token-main-surface-primary text-token-text-primary h-8 w-8\"><span style=\"font-size: 1.3em; font-weight: bold;\">Installation<\/span><\/div>\n<\/div>\n<\/div>\n<\/div>\n<\/div>\n<div class=\"group\/conversation-turn relative flex w-full min-w-0 flex-col agent-turn\">\n<div class=\"flex-col gap-1 md:gap-3\">\n<div class=\"flex max-w-full flex-col flex-grow\">\n<div class=\"min-h-[20px] text-message flex w-full flex-col items-end gap-2 whitespace-normal break-words [.text-message+&amp;]:mt-5\" dir=\"auto\" data-message-author-role=\"assistant\" data-message-id=\"baeb16d7-c509-4c87-84dc-6fc5a37117b6\">\n<div class=\"flex w-full flex-col gap-1 empty:hidden first:pt-[3px]\">\n<div class=\"markdown prose w-full break-words dark:prose-invert dark\">\n<p>Det bearbetade Venturir\u00f6ret m\u00e5ste installeras i ett rakt cylindriskt r\u00f6r utan hinder och med specifika krav p\u00e5 r\u00f6rets innerdiameter. De n\u00f6dv\u00e4ndiga raka l\u00e4ngderna varierar beroende p\u00e5 betav\u00e4rden och n\u00e4rvaron av b\u00f6jar eller reduceringar. Fullfl\u00f6desventiler rekommenderas uppstr\u00f6ms, och r\u00f6rets inre v\u00e4gg m\u00e5ste vara ren och sl\u00e4t. Venturir\u00f6ret ska centreras noggrant och anslutas till differentialtrycktransmittern under det f\u00f6r de flesta applikationer, med undantag f\u00f6r gasfl\u00f6de. S\u00e4kerhetsanordningar m\u00e5ste finnas f\u00f6r att f\u00f6rhindra \u00f6vertryck, och f\u00f6rh\u00f6jda temperaturer b\u00f6r undvikas. Regelbundet underh\u00e5ll inneb\u00e4r att s\u00e4kerst\u00e4lla en avlagringsfri inre yta. \u00d6verensst\u00e4mmelse med ISO 5167 och andra standarder \u00e4r avg\u00f6rande f\u00f6r kvalitetss\u00e4kring.<\/p>\n<\/div>\n<\/div>\n<\/div>\n<\/div>\n<\/div>\n<\/div>\n","protected":false},"excerpt":{"rendered":"<h4>Description of the programme<\/h4>\n<p>The classic Venturi tube is one of the most tested and reliable flowmeters on the market. Based on the ISO 5167-4 standard, it offers durable flow measurement with minimal pressure drop.<\/p>\n<h4>Characteristics<\/h4>\n<ul>\n<li>Quick and safe installation<\/li>\n<li>Simple construction<\/li>\n<\/ul>","protected":false},"featured_media":2224,"template":"","meta":{"site-sidebar-layout":"default","site-content-layout":"","ast-site-content-layout":"default","site-content-style":"default","site-sidebar-style":"default","ast-global-header-display":"","ast-banner-title-visibility":"","ast-main-header-display":"","ast-hfb-above-header-display":"","ast-hfb-below-header-display":"","ast-hfb-mobile-header-display":"","site-post-title":"","ast-breadcrumbs-content":"","ast-featured-img":"","footer-sml-layout":"","ast-disable-related-posts":"","theme-transparent-header-meta":"default","adv-header-id-meta":"","stick-header-meta":"","header-above-stick-meta":"","header-main-stick-meta":"","header-below-stick-meta":"","astra-migrate-meta-layouts":"set","ast-page-background-enabled":"default","ast-page-background-meta":{"desktop":{"background-color":"var(--ast-global-color-4)","background-image":"","background-repeat":"repeat","background-position":"center center","background-size":"auto","background-attachment":"scroll","background-type":"","background-media":"","overlay-type":"","overlay-color":"","overlay-opacity":"","overlay-gradient":""},"tablet":{"background-color":"","background-image":"","background-repeat":"repeat","background-position":"center center","background-size":"auto","background-attachment":"scroll","background-type":"","background-media":"","overlay-type":"","overlay-color":"","overlay-opacity":"","overlay-gradient":""},"mobile":{"background-color":"","background-image":"","background-repeat":"repeat","background-position":"center center","background-size":"auto","background-attachment":"scroll","background-type":"","background-media":"","overlay-type":"","overlay-color":"","overlay-opacity":"","overlay-gradient":""}},"ast-content-background-meta":{"desktop":{"background-color":"var(--ast-global-color-5)","background-image":"","background-repeat":"repeat","background-position":"center center","background-size":"auto","background-attachment":"scroll","background-type":"","background-media":"","overlay-type":"","overlay-color":"","overlay-opacity":"","overlay-gradient":""},"tablet":{"background-color":"var(--ast-global-color-5)","background-image":"","background-repeat":"repeat","background-position":"center center","background-size":"auto","background-attachment":"scroll","background-type":"","background-media":"","overlay-type":"","overlay-color":"","overlay-opacity":"","overlay-gradient":""},"mobile":{"background-color":"var(--ast-global-color-5)","background-image":"","background-repeat":"repeat","background-position":"center center","background-size":"auto","background-attachment":"scroll","background-type":"","background-media":"","overlay-type":"","overlay-color":"","overlay-opacity":"","overlay-gradient":""}}},"pwb-brand":[162],"product_brand":[],"product_cat":[82,19],"product_tag":[],"class_list":{"0":"post-2223","1":"product","2":"type-product","3":"status-publish","4":"has-post-thumbnail","6":"pwb-brand-emco-controls","7":"product_cat-differenstryckmatare","8":"product_cat-flodesmatare","9":"desktop-align-left","10":"tablet-align-left","11":"mobile-align-left","13":"first","14":"instock","15":"shipping-taxable","16":"product-type-simple"},"brands":[{"id":162,"name":"EMCO Controls","slug":"emco-controls"}],"_links":{"self":[{"href":"https:\/\/www.omniprocess.se\/en\/wp-json\/wp\/v2\/product\/2223","targetHints":{"allow":["GET"]}}],"collection":[{"href":"https:\/\/www.omniprocess.se\/en\/wp-json\/wp\/v2\/product"}],"about":[{"href":"https:\/\/www.omniprocess.se\/en\/wp-json\/wp\/v2\/types\/product"}],"wp:featuredmedia":[{"embeddable":true,"href":"https:\/\/www.omniprocess.se\/en\/wp-json\/wp\/v2\/media\/2224"}],"wp:attachment":[{"href":"https:\/\/www.omniprocess.se\/en\/wp-json\/wp\/v2\/media?parent=2223"}],"wp:term":[{"taxonomy":"pwb-brand","embeddable":true,"href":"https:\/\/www.omniprocess.se\/en\/wp-json\/wp\/v2\/pwb-brand?post=2223"},{"taxonomy":"product_brand","embeddable":true,"href":"https:\/\/www.omniprocess.se\/en\/wp-json\/wp\/v2\/product_brand?post=2223"},{"taxonomy":"product_cat","embeddable":true,"href":"https:\/\/www.omniprocess.se\/en\/wp-json\/wp\/v2\/product_cat?post=2223"},{"taxonomy":"product_tag","embeddable":true,"href":"https:\/\/www.omniprocess.se\/en\/wp-json\/wp\/v2\/product_tag?post=2223"}],"curies":[{"name":"wp","href":"https:\/\/api.w.org\/{rel}","templated":true}]}}