{"id":2242,"date":"2024-09-16T15:39:20","date_gmt":"2024-09-16T13:39:20","guid":{"rendered":"https:\/\/www.omniprocess.se\/\/?post_type=product&#038;p=2242"},"modified":"2025-11-04T14:00:38","modified_gmt":"2025-11-04T13:00:38","slug":"epsilon","status":"publish","type":"product","link":"https:\/\/www.omniprocess.se\/en\/produkt\/flodesmatare\/differenstryckmatare\/epsilon\/","title":{"rendered":"EPSILON flow meter for insertion between flanges"},"content":{"rendered":"<div class=\"flex max-w-full flex-col flex-grow\">\n<div class=\"min-h-[20px] text-message flex w-full flex-col items-end gap-2 whitespace-normal break-words [.text-message+&amp;]:mt-5\" dir=\"auto\" data-message-author-role=\"assistant\" data-message-id=\"fbba0385-1e2d-4dfd-9f00-4d53bcd6e38c\">\n<div class=\"flex w-full flex-col gap-1 empty:hidden first:pt-[3px]\">\n<div class=\"markdown prose w-full break-words dark:prose-invert dark\">\n<p>Fl\u00f6desm\u00e4taren EPSILON uppfyller internationella standarder f\u00f6r fl\u00f6desber\u00e4kning, tillverkningstoleranser, noggrannhet och installationskrav. Den l\u00e4mpar sig f\u00f6r anv\u00e4ndning inom processindustrin, l\u00e4kemedelsindustrin och kraftindustrin. V\u00e4lj modell EP1, EP3 eller EP5 beroende p\u00e5 behovet av integration av ventilblock.<\/p>\n<h4>Egenskaper<\/h4>\n<ul>\n<li>Mycket kort krav p\u00e5 rak r\u00f6rl\u00e4ngd<\/li>\n<li>Kompakt design<\/li>\n<li>Enkel konstruktion<\/li>\n<li>Fritt val f\u00f6r horisontell eller vertikal r\u00f6rdragning<\/li>\n<li>Inte k\u00e4nslig f\u00f6r vibrationer<\/li>\n<li>Inga r\u00f6rliga delar<\/li>\n<li>Enkel att installera<\/li>\n<li>H\u00f6g noggrannhet<\/li>\n<li>Brett m\u00e4tomr\u00e5de<\/li>\n<\/ul>\n<h4>Design<\/h4>\n<p>Modell EP1<br \/>\nEPSILON-fl\u00f6desm\u00e4tare modell EP1 best\u00e5r av ett prim\u00e4rt element baserat p\u00e5 differentialtrycksprincipen, samt en fl\u00e4nsmanifold f\u00f6r dubbelt fl\u00e4nsat ventilblock.<\/p>\n<p>Modell EP2<br \/>\nEPSILON-fl\u00f6desm\u00e4tare modell EP2 best\u00e5r av ett prim\u00e4rt element baserat p\u00e5 differentialtrycksprincipen med en integrerad 3-ventilblock.<\/p>\n<p>Modell EP5<br \/>\nEPSILON-fl\u00f6desm\u00e4tare modell EP5 best\u00e5r av ett prim\u00e4rt element baserat p\u00e5 differentialtrycksprincipen med en integrerad 5-ventilblock.<\/p>\n<h4>Installation<\/h4>\n<p>Fl\u00f6desm\u00e4taren EPSILON kan monteras i ett horisontellt eller vertikalt r\u00f6r. Vid v\u00e4tskefl\u00f6de i ett horisontellt r\u00f6r ska elektroniken monteras under r\u00f6ret. Vid gasfl\u00f6de i ett horisontellt r\u00f6r ska elektroniken monteras ovanf\u00f6r r\u00f6ret. H\u00f6g m\u00e4tprecision kan uppn\u00e5s \u00e4ven med korta raka r\u00f6rstr\u00e4ckor uppstr\u00f6ms fr\u00e5n fl\u00f6desm\u00e4taren. Den n\u00f6dv\u00e4ndiga raka r\u00f6rl\u00e4ngden \u00e4r endast 5 g\u00e5nger innerdiametern och 2 g\u00e5nger nedstr\u00f6ms f\u00f6r att bibeh\u00e5lla en noggrannhet p\u00e5 1%. Om massfl\u00f6de kr\u00e4vs p\u00e5 grund av f\u00f6r\u00e4ndrade processf\u00f6rh\u00e5llanden, efterfr\u00e5ga EPSIMAS massfl\u00f6desm\u00e4tarens datablad. M\u00e4ttad och \u00f6verhettad \u00e5nga m\u00e4ts av EPSISTEEM-fl\u00f6desm\u00e4tare.<\/p>\n<\/div>\n<\/div>\n<\/div>\n<\/div>\n","protected":false},"excerpt":{"rendered":"<h4>Description of the programme<\/h4>\n<p>The EPSILON flowmeter is a compact throttling flowmeter designed according to the differential pressure principle and used for liquid and gas flow measurement. It is especially designed for installations with limited space thanks to the flow conditioning effect created by its 5-hole design. This allows the straight pipe length upstream to be reduced from 20 times the inside diameter to 5 times the inside diameter, which is crucial in case of limited space.<\/p>","protected":false},"featured_media":9618,"template":"","meta":{"site-sidebar-layout":"default","site-content-layout":"","ast-site-content-layout":"default","site-content-style":"default","site-sidebar-style":"default","ast-global-header-display":"","ast-banner-title-visibility":"","ast-main-header-display":"","ast-hfb-above-header-display":"","ast-hfb-below-header-display":"","ast-hfb-mobile-header-display":"","site-post-title":"","ast-breadcrumbs-content":"","ast-featured-img":"","footer-sml-layout":"","ast-disable-related-posts":"","theme-transparent-header-meta":"default","adv-header-id-meta":"","stick-header-meta":"","header-above-stick-meta":"","header-main-stick-meta":"","header-below-stick-meta":"","astra-migrate-meta-layouts":"set","ast-page-background-enabled":"default","ast-page-background-meta":{"desktop":{"background-color":"var(--ast-global-color-4)","background-image":"","background-repeat":"repeat","background-position":"center center","background-size":"auto","background-attachment":"scroll","background-type":"","background-media":"","overlay-type":"","overlay-color":"","overlay-opacity":"","overlay-gradient":""},"tablet":{"background-color":"","background-image":"","background-repeat":"repeat","background-position":"center center","background-size":"auto","background-attachment":"scroll","background-type":"","background-media":"","overlay-type":"","overlay-color":"","overlay-opacity":"","overlay-gradient":""},"mobile":{"background-color":"","background-image":"","background-repeat":"repeat","background-position":"center center","background-size":"auto","background-attachment":"scroll","background-type":"","background-media":"","overlay-type":"","overlay-color":"","overlay-opacity":"","overlay-gradient":""}},"ast-content-background-meta":{"desktop":{"background-color":"var(--ast-global-color-5)","background-image":"","background-repeat":"repeat","background-position":"center center","background-size":"auto","background-attachment":"scroll","background-type":"","background-media":"","overlay-type":"","overlay-color":"","overlay-opacity":"","overlay-gradient":""},"tablet":{"background-color":"var(--ast-global-color-5)","background-image":"","background-repeat":"repeat","background-position":"center center","background-size":"auto","background-attachment":"scroll","background-type":"","background-media":"","overlay-type":"","overlay-color":"","overlay-opacity":"","overlay-gradient":""},"mobile":{"background-color":"var(--ast-global-color-5)","background-image":"","background-repeat":"repeat","background-position":"center center","background-size":"auto","background-attachment":"scroll","background-type":"","background-media":"","overlay-type":"","overlay-color":"","overlay-opacity":"","overlay-gradient":""}}},"pwb-brand":[162],"product_brand":[],"product_cat":[82,19],"product_tag":[],"class_list":{"0":"post-2242","1":"product","2":"type-product","3":"status-publish","4":"has-post-thumbnail","6":"pwb-brand-emco-controls","7":"product_cat-differenstryckmatare","8":"product_cat-flodesmatare","9":"desktop-align-left","10":"tablet-align-left","11":"mobile-align-left","13":"first","14":"instock","15":"shipping-taxable","16":"product-type-simple"},"brands":[{"id":162,"name":"EMCO Controls","slug":"emco-controls"}],"_links":{"self":[{"href":"https:\/\/www.omniprocess.se\/en\/wp-json\/wp\/v2\/product\/2242","targetHints":{"allow":["GET"]}}],"collection":[{"href":"https:\/\/www.omniprocess.se\/en\/wp-json\/wp\/v2\/product"}],"about":[{"href":"https:\/\/www.omniprocess.se\/en\/wp-json\/wp\/v2\/types\/product"}],"wp:featuredmedia":[{"embeddable":true,"href":"https:\/\/www.omniprocess.se\/en\/wp-json\/wp\/v2\/media\/9618"}],"wp:attachment":[{"href":"https:\/\/www.omniprocess.se\/en\/wp-json\/wp\/v2\/media?parent=2242"}],"wp:term":[{"taxonomy":"pwb-brand","embeddable":true,"href":"https:\/\/www.omniprocess.se\/en\/wp-json\/wp\/v2\/pwb-brand?post=2242"},{"taxonomy":"product_brand","embeddable":true,"href":"https:\/\/www.omniprocess.se\/en\/wp-json\/wp\/v2\/product_brand?post=2242"},{"taxonomy":"product_cat","embeddable":true,"href":"https:\/\/www.omniprocess.se\/en\/wp-json\/wp\/v2\/product_cat?post=2242"},{"taxonomy":"product_tag","embeddable":true,"href":"https:\/\/www.omniprocess.se\/en\/wp-json\/wp\/v2\/product_tag?post=2242"}],"curies":[{"name":"wp","href":"https:\/\/api.w.org\/{rel}","templated":true}]}}