{"id":2462,"date":"2024-09-19T14:17:32","date_gmt":"2024-09-19T12:17:32","guid":{"rendered":"https:\/\/www.omniprocess.se\/\/?post_type=product&#038;p=2462"},"modified":"2024-09-19T14:17:32","modified_gmt":"2024-09-19T12:17:32","slug":"iv01-valve-block","status":"publish","type":"product","link":"https:\/\/www.omniprocess.se\/en\/produkt\/tryckmatare\/ventilblock\/iv01-ventilblock\/","title":{"rendered":"IV01 Valve block"},"content":{"rendered":"<p><strong>Standard specifications:<\/strong><\/p>\n<ul>\n<li><strong>Pressure rating (AISI316\/L):<\/strong> 420 bar \/ 6000 psi<\/li>\n<li><strong>Maximum working temperature:<\/strong> 200\u00b0C \/ 392\u00b0F (PTFE gasket)<\/li>\n<li><strong>High temperature options:<\/strong> Up to 450\u00b0C \/ 842\u00b0F (Graphite gasket)<\/li>\n<\/ul>\n<p><strong>Connections:<\/strong><\/p>\n<ul>\n<li>By default, valve and\/or test ports have a thread size of \u00bc\u2033.<\/li>\n<\/ul>\n<p>For ordering information, see the Model Code Wizard in the IV01 brochure.<\/p>\n<p><strong>Design features:<\/strong><\/p>\n<ul>\n<li>Self-adjusting metal seals<\/li>\n<li>Non-rotating spindle tip<\/li>\n<li>Metal seal between body and hood<\/li>\n<li>Locking pins on the hood<\/li>\n<li>Safety rear seat and T-Bar with Anti-Tamper controlled valves<\/li>\n<li>Full traceability of all materials (unique serial number)<\/li>\n<li>100 % pressure tested (1.5 x MWP)<\/li>\n<\/ul>\n<p><strong>Optional:<\/strong><\/p>\n<ul>\n<li>Valve head with Anti-Tamper protection, with removable T-Bar key to prevent unauthorised use of the valve.<\/li>\n<li>Additional measuring adapter for positioning the instrument.<\/li>\n<li>Available in materials such as Monel, Hastelloy, Duplex, Super Duplex, Alloy 825\/625, 6Mo\/254SMO and Titanium.<\/li>\n<li>High temperature options up to 450\u00b0C \/ 842\u00b0F (Graphite gasket).<\/li>\n<li>High pressure up to 690 bar \/ 10,000 psi.<\/li>\n<\/ul>","protected":false},"excerpt":{"rendered":"<div class=\"flex-shrink-0 flex flex-col relative items-end\">\n<div>\n<div class=\"pt-0\">\n<div class=\"gizmo-bot-avatar flex h-8 w-8 items-center justify-center overflow-hidden rounded-full\">\n<div class=\"relative p-1 rounded-sm flex items-center justify-center bg-token-main-surface-primary text-token-text-primary h-8 w-8\"><\/div>\n<\/div>\n<\/div>\n<\/div>\n<\/div>\n<div class=\"group\/conversation-turn relative flex w-full min-w-0 flex-col agent-turn\">\n<div class=\"flex-col gap-1 md:gap-3\">\n<div class=\"flex max-w-full flex-col flex-grow\">\n<div class=\"min-h-[20px] text-message flex w-full flex-col items-end gap-2 whitespace-normal break-words [.text-message+&amp;]:mt-5\" dir=\"auto\" data-message-author-role=\"assistant\" data-message-id=\"76a643f7-b856-4c2e-a856-e3a9a74181d0\">\n<div class=\"flex w-full flex-col gap-1 empty:hidden first:pt-[3px]\">\n<div class=\"markdown prose w-full break-words dark:prose-invert dark\">\n<p><strong>Multi Instruments Isovent-ventil<\/strong><\/p>\n<p>Multi Instruments Isovent \u00e4r en n\u00e5lventil med icke-roterande spindelspets, vilket garanterar en positiv, bubbel- och l\u00e4ckages\u00e4ker avst\u00e4ngningsfunktion.<\/p>\n<p>Ventilen monteras vanligtvis p\u00e5 ett 2\u201d-r\u00f6rf\u00e4ste och st\u00f6djer instrumentet p\u00e5 plats.<\/p>\n<p>Denna manifold tillverkas standardm\u00e4ssigt i AISI316\/L NACE-material, men material som Monel, Hastelloy, Duplex, Super Duplex eller Alloy 825\/625, 6Mo\/254SMO och Titan finns ocks\u00e5 tillg\u00e4ngliga.<\/p>\n<\/div>\n<\/div>\n<\/div>\n<\/div>\n<\/div>\n<\/div>\n","protected":false},"featured_media":2463,"template":"","meta":{"site-sidebar-layout":"default","site-content-layout":"","ast-site-content-layout":"default","site-content-style":"default","site-sidebar-style":"default","ast-global-header-display":"","ast-banner-title-visibility":"","ast-main-header-display":"","ast-hfb-above-header-display":"","ast-hfb-below-header-display":"","ast-hfb-mobile-header-display":"","site-post-title":"","ast-breadcrumbs-content":"","ast-featured-img":"","footer-sml-layout":"","ast-disable-related-posts":"","theme-transparent-header-meta":"default","adv-header-id-meta":"","stick-header-meta":"","header-above-stick-meta":"","header-main-stick-meta":"","header-below-stick-meta":"","astra-migrate-meta-layouts":"set","ast-page-background-enabled":"default","ast-page-background-meta":{"desktop":{"background-color":"var(--ast-global-color-4)","background-image":"","background-repeat":"repeat","background-position":"center center","background-size":"auto","background-attachment":"scroll","background-type":"","background-media":"","overlay-type":"","overlay-color":"","overlay-opacity":"","overlay-gradient":""},"tablet":{"background-color":"","background-image":"","background-repeat":"repeat","background-position":"center center","background-size":"auto","background-attachment":"scroll","background-type":"","background-media":"","overlay-type":"","overlay-color":"","overlay-opacity":"","overlay-gradient":""},"mobile":{"background-color":"","background-image":"","background-repeat":"repeat","background-position":"center center","background-size":"auto","background-attachment":"scroll","background-type":"","background-media":"","overlay-type":"","overlay-color":"","overlay-opacity":"","overlay-gradient":""}},"ast-content-background-meta":{"desktop":{"background-color":"var(--ast-global-color-5)","background-image":"","background-repeat":"repeat","background-position":"center center","background-size":"auto","background-attachment":"scroll","background-type":"","background-media":"","overlay-type":"","overlay-color":"","overlay-opacity":"","overlay-gradient":""},"tablet":{"background-color":"var(--ast-global-color-5)","background-image":"","background-repeat":"repeat","background-position":"center center","background-size":"auto","background-attachment":"scroll","background-type":"","background-media":"","overlay-type":"","overlay-color":"","overlay-opacity":"","overlay-gradient":""},"mobile":{"background-color":"var(--ast-global-color-5)","background-image":"","background-repeat":"repeat","background-position":"center center","background-size":"auto","background-attachment":"scroll","background-type":"","background-media":"","overlay-type":"","overlay-color":"","overlay-opacity":"","overlay-gradient":""}}},"pwb-brand":[167],"product_brand":[],"product_cat":[20,94],"product_tag":[],"class_list":{"0":"post-2462","1":"product","2":"type-product","3":"status-publish","4":"has-post-thumbnail","6":"pwb-brand-multi-instruments","7":"product_cat-tryckmatare","8":"product_cat-ventilblock","9":"desktop-align-left","10":"tablet-align-left","11":"mobile-align-left","13":"first","14":"instock","15":"shipping-taxable","16":"product-type-simple"},"brands":[{"id":167,"name":"Multi Instruments","slug":"multi-instruments"}],"_links":{"self":[{"href":"https:\/\/www.omniprocess.se\/en\/wp-json\/wp\/v2\/product\/2462","targetHints":{"allow":["GET"]}}],"collection":[{"href":"https:\/\/www.omniprocess.se\/en\/wp-json\/wp\/v2\/product"}],"about":[{"href":"https:\/\/www.omniprocess.se\/en\/wp-json\/wp\/v2\/types\/product"}],"wp:featuredmedia":[{"embeddable":true,"href":"https:\/\/www.omniprocess.se\/en\/wp-json\/wp\/v2\/media\/2463"}],"wp:attachment":[{"href":"https:\/\/www.omniprocess.se\/en\/wp-json\/wp\/v2\/media?parent=2462"}],"wp:term":[{"taxonomy":"pwb-brand","embeddable":true,"href":"https:\/\/www.omniprocess.se\/en\/wp-json\/wp\/v2\/pwb-brand?post=2462"},{"taxonomy":"product_brand","embeddable":true,"href":"https:\/\/www.omniprocess.se\/en\/wp-json\/wp\/v2\/product_brand?post=2462"},{"taxonomy":"product_cat","embeddable":true,"href":"https:\/\/www.omniprocess.se\/en\/wp-json\/wp\/v2\/product_cat?post=2462"},{"taxonomy":"product_tag","embeddable":true,"href":"https:\/\/www.omniprocess.se\/en\/wp-json\/wp\/v2\/product_tag?post=2462"}],"curies":[{"name":"wp","href":"https:\/\/api.w.org\/{rel}","templated":true}]}}