{"id":2471,"date":"2024-09-19T15:05:54","date_gmt":"2024-09-19T13:05:54","guid":{"rendered":"https:\/\/www.omniprocess.se\/\/?post_type=product&#038;p=2471"},"modified":"2024-10-30T14:46:41","modified_gmt":"2024-10-30T13:46:41","slug":"iv02-valve-block","status":"publish","type":"product","link":"https:\/\/www.omniprocess.se\/en\/produkt\/tryckmatare\/ventilblock\/iv02-ventilblock\/","title":{"rendered":"IV02 Valve block"},"content":{"rendered":"<p>Multi Instruments Isovent \u00e4r en n\u00e5lventil med icke-roterande spindelspets, vilket garanterar en t\u00e4t avst\u00e4ngning utan bubblor.<\/p>\n<p>Ventilen monteras vanligtvis direkt p\u00e5 processen (inline-instrument) med exempelvis g\u00e4ngade NPT\/BSP.P-anslutningar.<\/p>\n<p><strong>Tillval:<\/strong><\/p>\n<ul>\n<li>Hane anslutning f\u00f6r socket weld och butt weld processanslutningar<\/li>\n<li>OS&amp;Y Fire Safe ventilhuvud, vilket m\u00f6jligg\u00f6r anv\u00e4ndning som rotventil<\/li>\n<li>[LB] Stora borrningar (10 mm | 3\/8\u201d innerdiameter)<\/li>\n<\/ul>\n<p>Denna manifold tillverkas standardm\u00e4ssigt i AISI316\/L NACE-material, men material som Monel, Hastelloy, Duplex, Super Duplex, Alloy 825\/625, 6Mo\/254SMO och Titan finns ocks\u00e5 tillg\u00e4ngliga.<\/p>\n<p><strong>Standard specifikationer:<\/strong><\/p>\n<ul>\n<li><strong>Tryckklassning (AISI316\/L):<\/strong> 420 bar \/ 6000 psi<\/li>\n<li><strong>Maximal arbetstemperatur:<\/strong> 200\u00b0C \/ 392\u00b0F (PTFE-packning)<\/li>\n<li><strong>H\u00f6gtemperaturalternativ:<\/strong> Upp till 450\u00b0C \/ 842\u00b0F (grafitpackning)<\/li>\n<\/ul>\n<p><strong>Anslutningar:<\/strong><\/p>\n<ul>\n<li>Ventil- och\/eller testportar har som standard g\u00e4ngstorlek p\u00e5 \u00bc\u2033.<\/li>\n<\/ul>\n<p>F\u00f6r best\u00e4llningsinformation, se Model Code Wizard i IV02-broschyren.<\/p>\n","protected":false},"excerpt":{"rendered":"<p>This 2-valve manifold is designed for direct process mounting of instruments and offers isolation and venting functions.<\/p>\n<p><strong>Optional:<\/strong><\/p>\n<ul>\n<li>Male connection for socket weld and butt weld process connections.<\/li>\n<li>OS&amp;Y Fire Safe valve head.<\/li>\n<\/ul>","protected":false},"featured_media":2472,"template":"","meta":{"site-sidebar-layout":"default","site-content-layout":"","ast-site-content-layout":"default","site-content-style":"default","site-sidebar-style":"default","ast-global-header-display":"","ast-banner-title-visibility":"","ast-main-header-display":"","ast-hfb-above-header-display":"","ast-hfb-below-header-display":"","ast-hfb-mobile-header-display":"","site-post-title":"","ast-breadcrumbs-content":"","ast-featured-img":"","footer-sml-layout":"","ast-disable-related-posts":"","theme-transparent-header-meta":"default","adv-header-id-meta":"","stick-header-meta":"","header-above-stick-meta":"","header-main-stick-meta":"","header-below-stick-meta":"","astra-migrate-meta-layouts":"set","ast-page-background-enabled":"default","ast-page-background-meta":{"desktop":{"background-color":"var(--ast-global-color-4)","background-image":"","background-repeat":"repeat","background-position":"center center","background-size":"auto","background-attachment":"scroll","background-type":"","background-media":"","overlay-type":"","overlay-color":"","overlay-opacity":"","overlay-gradient":""},"tablet":{"background-color":"","background-image":"","background-repeat":"repeat","background-position":"center center","background-size":"auto","background-attachment":"scroll","background-type":"","background-media":"","overlay-type":"","overlay-color":"","overlay-opacity":"","overlay-gradient":""},"mobile":{"background-color":"","background-image":"","background-repeat":"repeat","background-position":"center center","background-size":"auto","background-attachment":"scroll","background-type":"","background-media":"","overlay-type":"","overlay-color":"","overlay-opacity":"","overlay-gradient":""}},"ast-content-background-meta":{"desktop":{"background-color":"var(--ast-global-color-5)","background-image":"","background-repeat":"repeat","background-position":"center center","background-size":"auto","background-attachment":"scroll","background-type":"","background-media":"","overlay-type":"","overlay-color":"","overlay-opacity":"","overlay-gradient":""},"tablet":{"background-color":"var(--ast-global-color-5)","background-image":"","background-repeat":"repeat","background-position":"center center","background-size":"auto","background-attachment":"scroll","background-type":"","background-media":"","overlay-type":"","overlay-color":"","overlay-opacity":"","overlay-gradient":""},"mobile":{"background-color":"var(--ast-global-color-5)","background-image":"","background-repeat":"repeat","background-position":"center center","background-size":"auto","background-attachment":"scroll","background-type":"","background-media":"","overlay-type":"","overlay-color":"","overlay-opacity":"","overlay-gradient":""}}},"pwb-brand":[167],"product_brand":[],"product_cat":[20,94],"product_tag":[],"class_list":{"0":"post-2471","1":"product","2":"type-product","3":"status-publish","4":"has-post-thumbnail","6":"pwb-brand-multi-instruments","7":"product_cat-tryckmatare","8":"product_cat-ventilblock","9":"desktop-align-left","10":"tablet-align-left","11":"mobile-align-left","13":"first","14":"instock","15":"shipping-taxable","16":"product-type-simple"},"brands":[{"id":167,"name":"Multi Instruments","slug":"multi-instruments"}],"_links":{"self":[{"href":"https:\/\/www.omniprocess.se\/en\/wp-json\/wp\/v2\/product\/2471","targetHints":{"allow":["GET"]}}],"collection":[{"href":"https:\/\/www.omniprocess.se\/en\/wp-json\/wp\/v2\/product"}],"about":[{"href":"https:\/\/www.omniprocess.se\/en\/wp-json\/wp\/v2\/types\/product"}],"wp:featuredmedia":[{"embeddable":true,"href":"https:\/\/www.omniprocess.se\/en\/wp-json\/wp\/v2\/media\/2472"}],"wp:attachment":[{"href":"https:\/\/www.omniprocess.se\/en\/wp-json\/wp\/v2\/media?parent=2471"}],"wp:term":[{"taxonomy":"pwb-brand","embeddable":true,"href":"https:\/\/www.omniprocess.se\/en\/wp-json\/wp\/v2\/pwb-brand?post=2471"},{"taxonomy":"product_brand","embeddable":true,"href":"https:\/\/www.omniprocess.se\/en\/wp-json\/wp\/v2\/product_brand?post=2471"},{"taxonomy":"product_cat","embeddable":true,"href":"https:\/\/www.omniprocess.se\/en\/wp-json\/wp\/v2\/product_cat?post=2471"},{"taxonomy":"product_tag","embeddable":true,"href":"https:\/\/www.omniprocess.se\/en\/wp-json\/wp\/v2\/product_tag?post=2471"}],"curies":[{"name":"wp","href":"https:\/\/api.w.org\/{rel}","templated":true}]}}