{"id":2487,"date":"2024-09-19T15:36:21","date_gmt":"2024-09-19T13:36:21","guid":{"rendered":"https:\/\/www.omniprocess.se\/\/?post_type=product&#038;p=2487"},"modified":"2025-11-27T13:31:56","modified_gmt":"2025-11-27T12:31:56","slug":"be1-be2","status":"publish","type":"product","link":"https:\/\/www.omniprocess.se\/en\/produkt\/tryckmatare\/instrumentlador\/be1-be2\/","title":{"rendered":"BE1-BE2"},"content":{"rendered":"<div class=\"flex-shrink-0 flex flex-col relative items-end\">\n<div>\n<div class=\"pt-0\">\n<div class=\"gizmo-bot-avatar flex h-8 w-8 items-center justify-center overflow-hidden rounded-full\">\n<div class=\"relative p-1 rounded-sm flex items-center justify-center bg-token-main-surface-primary text-token-text-primary h-8 w-8\"><strong style=\"font-size: 16px;\">Multi Instruments k\u00e5por<\/strong><\/div>\n<\/div>\n<\/div>\n<\/div>\n<\/div>\n<div class=\"group\/conversation-turn relative flex w-full min-w-0 flex-col agent-turn\">\n<div class=\"flex-col gap-1 md:gap-3\">\n<div class=\"flex max-w-full flex-col flex-grow\">\n<div class=\"min-h-[20px] text-message flex w-full flex-col items-end gap-2 whitespace-normal break-words [.text-message+&amp;]:mt-5\" dir=\"auto\" data-message-author-role=\"assistant\" data-message-id=\"920149f2-38bf-4f4e-b795-31bcca1a44e1\">\n<div class=\"flex w-full flex-col gap-1 empty:hidden first:pt-[3px]\">\n<div class=\"markdown prose w-full break-words dark:prose-invert dark\">\n<p>K\u00e5porna fr\u00e5n Multi Instruments best\u00e5r av tv\u00e5 spegelv\u00e4nda delar tillverkade i flamskyddad och slagt\u00e5lig svart DSM\u00ae-plast kallad Nyrim 2000\u00ae. Sn\u00e4pp-l\u00e5sen m\u00f6jligg\u00f6r enkel och snabb borttagning av varje sida, vilket ger maximal \u00e5tkomst till instrumenten inuti.<\/p>\n<p>B\u00e5da sidorna har sammanl\u00e5sande sp\u00e5r som \u00e4r t\u00e4tade med en silikonbaserad insprutad t\u00e4tning och ett tillval av en integrerad 15 mm h\u00e5rd PUR-isoleringsk\u00e5pa.<\/p>\n<p>K\u00e5porna levereras standard med f\u00e5nglinor i rostfritt st\u00e5l p\u00e5 b\u00e5da halvorna f\u00f6r att f\u00f6rhindra skador vid avtagning.<\/p>\n<p><strong>Tillval:<\/strong><\/p>\n<ul>\n<li>Skr\u00e4ddarsydda \u00f6ppningar kan bearbetas i k\u00e5pan f\u00f6r att passa specifika instrument efter kundens \u00f6nskem\u00e5l.<\/li>\n<\/ul>\n<p><strong>Merv\u00e4rde<\/strong><\/p>\n<p>F\u00f6r att s\u00e4kerst\u00e4lla en \u201dPlug-and-Play\u201d-installation p\u00e5 plats erbjuder vi specialanpassade instrumentanslutningstj\u00e4nster. Dina (kostnadsfritt levererade) instrument kommer att monteras p\u00e5 en l\u00e4mplig manifold och rostfri monteringsplatta, tillsammans med andra \u00f6nskade tillval, och levereras helt monterade, m\u00e4rkta och testade enligt dina specifikationer.<\/p>\n<\/div>\n<\/div>\n<\/div>\n<\/div>\n<\/div>\n<\/div>\n","protected":false},"excerpt":{"rendered":"<div>\n<div>\n<div>\n<div>\n<div><strong>Multi Instruments hoods<\/strong><\/div>\n<\/div>\n<\/div>\n<\/div>\n<\/div>\n<div>\n<div>\n<div>\n<div dir=\"auto\" data-message-author-role=\"assistant\" data-message-id=\"e9c3b946-4003-4f76-8d11-76b38b28e2d0\">\n<div>\n<div>\n<p>The Multi Instruments covers consist of two mirrored parts made of flame retardant and impact resistant synthetic material. The simple snap-locks allow quick removal of each side, maximising access to the instruments inside.<\/p>\n<p>Optional:<\/p>\n<ul>\n<li>Integrated 15 mm hard PUR insulation cover.<\/li>\n<li>Customised openings for instruments can be machined in the cover according to customer requirements.<\/li>\n<\/ul>\n<\/div>\n<\/div>\n<\/div>\n<\/div>\n<\/div>\n<\/div>","protected":false},"featured_media":11407,"template":"","meta":{"site-sidebar-layout":"default","site-content-layout":"","ast-site-content-layout":"default","site-content-style":"default","site-sidebar-style":"default","ast-global-header-display":"","ast-banner-title-visibility":"","ast-main-header-display":"","ast-hfb-above-header-display":"","ast-hfb-below-header-display":"","ast-hfb-mobile-header-display":"","site-post-title":"","ast-breadcrumbs-content":"","ast-featured-img":"","footer-sml-layout":"","ast-disable-related-posts":"","theme-transparent-header-meta":"default","adv-header-id-meta":"","stick-header-meta":"","header-above-stick-meta":"","header-main-stick-meta":"","header-below-stick-meta":"","astra-migrate-meta-layouts":"set","ast-page-background-enabled":"default","ast-page-background-meta":{"desktop":{"background-color":"var(--ast-global-color-4)","background-image":"","background-repeat":"repeat","background-position":"center center","background-size":"auto","background-attachment":"scroll","background-type":"","background-media":"","overlay-type":"","overlay-color":"","overlay-opacity":"","overlay-gradient":""},"tablet":{"background-color":"","background-image":"","background-repeat":"repeat","background-position":"center center","background-size":"auto","background-attachment":"scroll","background-type":"","background-media":"","overlay-type":"","overlay-color":"","overlay-opacity":"","overlay-gradient":""},"mobile":{"background-color":"","background-image":"","background-repeat":"repeat","background-position":"center center","background-size":"auto","background-attachment":"scroll","background-type":"","background-media":"","overlay-type":"","overlay-color":"","overlay-opacity":"","overlay-gradient":""}},"ast-content-background-meta":{"desktop":{"background-color":"var(--ast-global-color-5)","background-image":"","background-repeat":"repeat","background-position":"center center","background-size":"auto","background-attachment":"scroll","background-type":"","background-media":"","overlay-type":"","overlay-color":"","overlay-opacity":"","overlay-gradient":""},"tablet":{"background-color":"var(--ast-global-color-5)","background-image":"","background-repeat":"repeat","background-position":"center center","background-size":"auto","background-attachment":"scroll","background-type":"","background-media":"","overlay-type":"","overlay-color":"","overlay-opacity":"","overlay-gradient":""},"mobile":{"background-color":"var(--ast-global-color-5)","background-image":"","background-repeat":"repeat","background-position":"center center","background-size":"auto","background-attachment":"scroll","background-type":"","background-media":"","overlay-type":"","overlay-color":"","overlay-opacity":"","overlay-gradient":""}}},"pwb-brand":[167],"product_brand":[],"product_cat":[96,20],"product_tag":[],"class_list":{"0":"post-2487","1":"product","2":"type-product","3":"status-publish","4":"has-post-thumbnail","6":"pwb-brand-multi-instruments","7":"product_cat-instrumentlador","8":"product_cat-tryckmatare","9":"desktop-align-left","10":"tablet-align-left","11":"mobile-align-left","13":"first","14":"instock","15":"shipping-taxable","16":"product-type-simple"},"brands":[{"id":167,"name":"Multi Instruments","slug":"multi-instruments"}],"_links":{"self":[{"href":"https:\/\/www.omniprocess.se\/en\/wp-json\/wp\/v2\/product\/2487","targetHints":{"allow":["GET"]}}],"collection":[{"href":"https:\/\/www.omniprocess.se\/en\/wp-json\/wp\/v2\/product"}],"about":[{"href":"https:\/\/www.omniprocess.se\/en\/wp-json\/wp\/v2\/types\/product"}],"wp:featuredmedia":[{"embeddable":true,"href":"https:\/\/www.omniprocess.se\/en\/wp-json\/wp\/v2\/media\/11407"}],"wp:attachment":[{"href":"https:\/\/www.omniprocess.se\/en\/wp-json\/wp\/v2\/media?parent=2487"}],"wp:term":[{"taxonomy":"pwb-brand","embeddable":true,"href":"https:\/\/www.omniprocess.se\/en\/wp-json\/wp\/v2\/pwb-brand?post=2487"},{"taxonomy":"product_brand","embeddable":true,"href":"https:\/\/www.omniprocess.se\/en\/wp-json\/wp\/v2\/product_brand?post=2487"},{"taxonomy":"product_cat","embeddable":true,"href":"https:\/\/www.omniprocess.se\/en\/wp-json\/wp\/v2\/product_cat?post=2487"},{"taxonomy":"product_tag","embeddable":true,"href":"https:\/\/www.omniprocess.se\/en\/wp-json\/wp\/v2\/product_tag?post=2487"}],"curies":[{"name":"wp","href":"https:\/\/api.w.org\/{rel}","templated":true}]}}