{"id":2493,"date":"2024-09-19T15:38:18","date_gmt":"2024-09-19T13:38:18","guid":{"rendered":"https:\/\/www.omniprocess.se\/\/?post_type=product&#038;p=2493"},"modified":"2025-11-27T13:24:12","modified_gmt":"2025-11-27T12:24:12","slug":"ps-1","status":"publish","type":"product","link":"https:\/\/www.omniprocess.se\/en\/produkt\/tryckmatare\/instrumentlador\/ps-1\/","title":{"rendered":"PS-1"},"content":{"rendered":"<div class=\"flex-shrink-0 flex flex-col relative items-end\">\n<div>\n<div class=\"pt-0\">\n<div class=\"gizmo-bot-avatar flex h-8 w-8 items-center justify-center overflow-hidden rounded-full\">\n<div class=\"relative p-1 rounded-sm flex items-center justify-center bg-token-main-surface-primary text-token-text-primary h-8 w-8\"><strong style=\"font-size: 16px;\">Multi Instruments instrumentsskyddssystem<\/strong><\/div>\n<\/div>\n<\/div>\n<\/div>\n<\/div>\n<div class=\"group\/conversation-turn relative flex w-full min-w-0 flex-col agent-turn\">\n<div class=\"flex-col gap-1 md:gap-3\">\n<div class=\"flex max-w-full flex-col flex-grow\">\n<div class=\"min-h-[20px] text-message flex w-full flex-col items-end gap-2 whitespace-normal break-words [.text-message+&amp;]:mt-5\" dir=\"auto\" data-message-author-role=\"assistant\" data-message-id=\"ffb69103-418e-49d7-9b97-3a0fe07b5179\">\n<div class=\"flex w-full flex-col gap-1 empty:hidden first:pt-[3px]\">\n<div class=\"markdown prose w-full break-words dark:prose-invert dark\">\n<p>Multi Instruments instrumentsskyddssystem erbjuder ett kostnadseffektivt och kompakt h\u00f6lje i rostfritt st\u00e5l f\u00f6r instrument, utan att kompromissa med kvalitet. Systemet uppfyller industristandarder och \u00e4r utformat f\u00f6r att ge maximalt skydd i kr\u00e4vande milj\u00f6er.<\/p>\n<p>De enkla sn\u00e4pp-l\u00e5sen m\u00f6jligg\u00f6r snabb \u00f6ppning och st\u00f6dstaget ger enkel \u00e5tkomst till instrumentet. Den integrerade 30 mm h\u00e5rda PUR-isoleringsk\u00e5pan av h\u00f6g kvalitet skyddar instrumenten i extrema milj\u00f6er samtidigt som energif\u00f6rbrukningen h\u00e5lls l\u00e5g.<\/p>\n<p>Ett valbart runt s\u00e4kerhetsglasf\u00f6nster m\u00f6jligg\u00f6r visuell inspektion av indikatorer utan att \u00f6ppna k\u00e5pan.<\/p>\n<p><strong>Designfunktioner:<\/strong><\/p>\n<ul>\n<li><strong>Kompakt design<\/strong><\/li>\n<li>Integrerad h\u00e5rd PUR 30 mm isoleringsk\u00e5pa med mycket h\u00f6g isoleringsf\u00f6rm\u00e5ga<\/li>\n<li>F\u00f6rl\u00e4nger livsl\u00e4ngden p\u00e5 f\u00e4ltutrustning<\/li>\n<li>Kapsling i rostfritt st\u00e5l med epoxibelagd k\u00e5pa<\/li>\n<li>IP65-skyddsklassning<\/li>\n<li>Antistatisk enligt EN 50014 &lt; 10\u2079 Ohm<\/li>\n<li>Arbetstemperatur: -70 \u00b0C till +150 \u00b0C<\/li>\n<li>Standardleverans med f\u00e5nglinor i rostfritt st\u00e5l och isoleringsplatta\/bakstycke<\/li>\n<li>Dimensioner: 320x390x450 (610*) mm (DxBxH) (*inklusive monteringsplatta)<\/li>\n<\/ul>\n<p><strong>Tillval:<\/strong><\/p>\n<ul>\n<li>Elektriska manifoldv\u00e4rmare (EEx)<\/li>\n<li>S\u00e4kerhetsglasf\u00f6nster (210 mm diameter)<\/li>\n<li>Olika typer av monteringsplattor i rostfritt st\u00e5l f\u00f6r alla typer av MI- och tredjepartsmanifolder<\/li>\n<li>Test-\/instrumentanslutning<\/li>\n<li>Anslutningsbox f\u00f6r v\u00e4rmare<\/li>\n<li>Integrerad testanslutning (NAM\/SHELL)<\/li>\n<li>Isoleringsk\u00e5pa f\u00f6r processanslutning (IK-1)<\/li>\n<li>Termostatstyrning f\u00f6r manifoldv\u00e4rmare<\/li>\n<\/ul>\n<p><strong>Merv\u00e4rde:<\/strong> F\u00f6r att underl\u00e4tta \u201dPlug-and-Play\u201d-installationer p\u00e5 plats erbjuder vi specialanpassade instrumentanslutningstj\u00e4nster. Dina (kostnadsfritt levererade) instrument monteras p\u00e5 r\u00e4tt manifold och rostfri monteringsplatta tillsammans med eventuella \u00f6nskade tillval. Vi levererar dem komplett monterade, m\u00e4rkta och testade enligt dina specifikationer.<\/p>\n<\/div>\n<\/div>\n<\/div>\n<\/div>\n<\/div>\n<\/div>\n","protected":false},"excerpt":{"rendered":"<div class=\"flex-shrink-0 flex flex-col relative items-end\">\n<div>\n<div class=\"pt-0\">\n<div class=\"gizmo-bot-avatar flex h-8 w-8 items-center justify-center overflow-hidden rounded-full\">\n<div class=\"relative p-1 rounded-sm flex items-center justify-center bg-token-main-surface-primary text-token-text-primary h-8 w-8\"><strong style=\"font-size: 16px;\">Multi Instruments PS-1 instrumentsskyddssystem<\/strong><\/div>\n<\/div>\n<\/div>\n<\/div>\n<\/div>\n<div class=\"group\/conversation-turn relative flex w-full min-w-0 flex-col agent-turn\">\n<div class=\"flex-col gap-1 md:gap-3\">\n<div class=\"flex max-w-full flex-col flex-grow\">\n<div class=\"min-h-[20px] text-message flex w-full flex-col items-end gap-2 whitespace-normal break-words [.text-message+&amp;]:mt-5\" dir=\"auto\" data-message-author-role=\"assistant\" data-message-id=\"e81641fc-c235-44e7-92f9-9b4dc95e00c1\">\n<div class=\"flex w-full flex-col gap-1 empty:hidden first:pt-[3px]\">\n<div class=\"markdown prose w-full break-words dark:prose-invert dark\">\n<p>Multi Instruments PS-1 \u00e4r ett kompakt instrumenth\u00f6lje tillverkat helt i rostfritt st\u00e5l. De enkla sn\u00e4pp-l\u00e5sen m\u00f6jligg\u00f6r snabb \u00f6ppning, och en st\u00f6dstag s\u00e4kerst\u00e4ller maximal \u00e5tkomst till instrumentet inuti.<\/p>\n<p>Den h\u00f6gkvalitativa, integrerade 30 mm h\u00e5rda PUR-isoleringsk\u00e5pan skyddar instrumenten i extremt tuffa milj\u00f6er och kr\u00e4ver endast minimal str\u00f6mf\u00f6rbrukning.<\/p>\n<p><strong>Tillval:<\/strong><\/p>\n<ul>\n<li>Rundt s\u00e4kerhetsglasf\u00f6nster.<\/li>\n<\/ul>\n<\/div>\n<\/div>\n<\/div>\n<\/div>\n<\/div>\n<\/div>\n","protected":false},"featured_media":11404,"template":"","meta":{"site-sidebar-layout":"default","site-content-layout":"","ast-site-content-layout":"default","site-content-style":"default","site-sidebar-style":"default","ast-global-header-display":"","ast-banner-title-visibility":"","ast-main-header-display":"","ast-hfb-above-header-display":"","ast-hfb-below-header-display":"","ast-hfb-mobile-header-display":"","site-post-title":"","ast-breadcrumbs-content":"","ast-featured-img":"","footer-sml-layout":"","ast-disable-related-posts":"","theme-transparent-header-meta":"default","adv-header-id-meta":"","stick-header-meta":"","header-above-stick-meta":"","header-main-stick-meta":"","header-below-stick-meta":"","astra-migrate-meta-layouts":"set","ast-page-background-enabled":"default","ast-page-background-meta":{"desktop":{"background-color":"var(--ast-global-color-4)","background-image":"","background-repeat":"repeat","background-position":"center center","background-size":"auto","background-attachment":"scroll","background-type":"","background-media":"","overlay-type":"","overlay-color":"","overlay-opacity":"","overlay-gradient":""},"tablet":{"background-color":"","background-image":"","background-repeat":"repeat","background-position":"center center","background-size":"auto","background-attachment":"scroll","background-type":"","background-media":"","overlay-type":"","overlay-color":"","overlay-opacity":"","overlay-gradient":""},"mobile":{"background-color":"","background-image":"","background-repeat":"repeat","background-position":"center center","background-size":"auto","background-attachment":"scroll","background-type":"","background-media":"","overlay-type":"","overlay-color":"","overlay-opacity":"","overlay-gradient":""}},"ast-content-background-meta":{"desktop":{"background-color":"var(--ast-global-color-5)","background-image":"","background-repeat":"repeat","background-position":"center center","background-size":"auto","background-attachment":"scroll","background-type":"","background-media":"","overlay-type":"","overlay-color":"","overlay-opacity":"","overlay-gradient":""},"tablet":{"background-color":"var(--ast-global-color-5)","background-image":"","background-repeat":"repeat","background-position":"center center","background-size":"auto","background-attachment":"scroll","background-type":"","background-media":"","overlay-type":"","overlay-color":"","overlay-opacity":"","overlay-gradient":""},"mobile":{"background-color":"var(--ast-global-color-5)","background-image":"","background-repeat":"repeat","background-position":"center center","background-size":"auto","background-attachment":"scroll","background-type":"","background-media":"","overlay-type":"","overlay-color":"","overlay-opacity":"","overlay-gradient":""}}},"pwb-brand":[167],"product_brand":[],"product_cat":[96,20],"product_tag":[],"class_list":{"0":"post-2493","1":"product","2":"type-product","3":"status-publish","4":"has-post-thumbnail","6":"pwb-brand-multi-instruments","7":"product_cat-instrumentlador","8":"product_cat-tryckmatare","9":"desktop-align-left","10":"tablet-align-left","11":"mobile-align-left","13":"first","14":"instock","15":"shipping-taxable","16":"product-type-simple"},"brands":[{"id":167,"name":"Multi Instruments","slug":"multi-instruments"}],"_links":{"self":[{"href":"https:\/\/www.omniprocess.se\/en\/wp-json\/wp\/v2\/product\/2493","targetHints":{"allow":["GET"]}}],"collection":[{"href":"https:\/\/www.omniprocess.se\/en\/wp-json\/wp\/v2\/product"}],"about":[{"href":"https:\/\/www.omniprocess.se\/en\/wp-json\/wp\/v2\/types\/product"}],"wp:featuredmedia":[{"embeddable":true,"href":"https:\/\/www.omniprocess.se\/en\/wp-json\/wp\/v2\/media\/11404"}],"wp:attachment":[{"href":"https:\/\/www.omniprocess.se\/en\/wp-json\/wp\/v2\/media?parent=2493"}],"wp:term":[{"taxonomy":"pwb-brand","embeddable":true,"href":"https:\/\/www.omniprocess.se\/en\/wp-json\/wp\/v2\/pwb-brand?post=2493"},{"taxonomy":"product_brand","embeddable":true,"href":"https:\/\/www.omniprocess.se\/en\/wp-json\/wp\/v2\/product_brand?post=2493"},{"taxonomy":"product_cat","embeddable":true,"href":"https:\/\/www.omniprocess.se\/en\/wp-json\/wp\/v2\/product_cat?post=2493"},{"taxonomy":"product_tag","embeddable":true,"href":"https:\/\/www.omniprocess.se\/en\/wp-json\/wp\/v2\/product_tag?post=2493"}],"curies":[{"name":"wp","href":"https:\/\/api.w.org\/{rel}","templated":true}]}}