{"id":3645,"date":"2024-11-27T17:15:07","date_gmt":"2024-11-27T16:15:07","guid":{"rendered":"https:\/\/www.omniprocess.se\/\/?post_type=product&#038;p=3645"},"modified":"2026-03-11T11:08:54","modified_gmt":"2026-03-11T10:08:54","slug":"el-flow-base-mass-flow-controllers-for-gases","status":"publish","type":"product","link":"https:\/\/www.omniprocess.se\/en\/produkt\/flodesmatare\/termiska-flodesmatare\/el-flow-base-mass-flow-controllers-for-gases\/","title":{"rendered":"EL-FLOW\u00ae Base Mass Flow Controllers for Gases"},"content":{"rendered":"<p>EL-FLOW\u00ae Base-serien fr\u00e5n Bronkhorst best\u00e5r av <a href=\"https:\/\/www.omniprocess.se\/en\/product-category\/flowmeter\/mass-flowmeter\/\">massfl\u00f6desregulatorer<\/a> designade f\u00f6r att vara standardiserade och enkla att anv\u00e4nda. Dessa instrument erbjuder exakt m\u00e4tning, snabb respons och stabil kontroll i vanliga gasfl\u00f6desapplikationer. Med sin kostnadseffektiva design \u00e4r de idealiska f\u00f6r installation i OEM-system, exempelvis inom bel\u00e4ggnings- eller svetsapplikationer.<\/p>\n<p><strong>Features and benefits:<\/strong><\/p>\n<ul>\n<li><strong>Precise measurement:<\/strong> Provides accurate results for improved process efficiency.<\/li>\n<li><strong>Rapid response:<\/strong> Enables instant adjustments for stable flow control.<\/li>\n<li><strong>Cost-effective solution:<\/strong> Economical option for standard applications.<\/li>\n<li><strong>Easy integration:<\/strong> Ideal for OEM systems supporting analogue I\/O and digital communication.<\/li>\n<li><strong>Robust construction:<\/strong> Reliable performance in various industrial environments.<\/li>\n<\/ul>\n<p><strong>Applications:<\/strong><\/p>\n<ul>\n<li><strong>Coating processes:<\/strong> Precise gas flow control for surface treatment.<\/li>\n<li><strong>Welding:<\/strong> Stable gas delivery for high quality welds.<\/li>\n<li><strong>Industrial processes:<\/strong> General gas flow control in standard applications.<\/li>\n<li><strong>OEM integration:<\/strong> Customisation in systems that require reliable flow control.<\/li>\n<li><strong>Laboratory equipment:<\/strong> Used in instruments where simplicity and accuracy are important.<\/li>\n<\/ul>\n<p><strong>Model overview<\/strong><\/p>\n<table>\n<thead>\n<tr>\n<th>model<\/th>\n<th>Min. flow rate<\/th>\n<th>Max. flow rate<\/th>\n<th>Pressure classification<\/th>\n<th>Characteristics<\/th>\n<\/tr>\n<\/thead>\n<tbody>\n<tr>\n<td>F-202BB<\/td>\n<td>1.4...70 ln\/min<\/td>\n<td>4...200 ln\/min<\/td>\n<td>10 bar<\/td>\n<td>Standard &amp; simple, Cost-effective solution<\/td>\n<\/tr>\n<tr>\n<td>F-201CB<\/td>\n<td>0.16...8 mln\/min<\/td>\n<td>0.4...20 ln\/min<\/td>\n<td>10 bar<\/td>\n<td>Standard &amp; simple, Cost-effective solution<\/td>\n<\/tr>\n<tr>\n<td>F-201AB<\/td>\n<td>0.4...20 ln\/min<\/td>\n<td>1.4...70 ln\/min<\/td>\n<td>10 bar<\/td>\n<td>Standard &amp; simple, Cost-effective solution<\/td>\n<\/tr>\n<\/tbody>\n<\/table>","protected":false},"excerpt":{"rendered":"<p>Bronkhorst EL-FLOW\u00ae Base mass flow controllers are standardised and easy-to-use instruments that offer accurate measurement, fast response and stable control for common gas flow applications.<\/p>","protected":false},"featured_media":3646,"template":"","meta":{"site-sidebar-layout":"default","site-content-layout":"","ast-site-content-layout":"default","site-content-style":"default","site-sidebar-style":"default","ast-global-header-display":"","ast-banner-title-visibility":"","ast-main-header-display":"","ast-hfb-above-header-display":"","ast-hfb-below-header-display":"","ast-hfb-mobile-header-display":"","site-post-title":"","ast-breadcrumbs-content":"","ast-featured-img":"","footer-sml-layout":"","ast-disable-related-posts":"","theme-transparent-header-meta":"default","adv-header-id-meta":"","stick-header-meta":"","header-above-stick-meta":"","header-main-stick-meta":"","header-below-stick-meta":"","astra-migrate-meta-layouts":"set","ast-page-background-enabled":"default","ast-page-background-meta":{"desktop":{"background-color":"var(--ast-global-color-4)","background-image":"","background-repeat":"repeat","background-position":"center center","background-size":"auto","background-attachment":"scroll","background-type":"","background-media":"","overlay-type":"","overlay-color":"","overlay-opacity":"","overlay-gradient":""},"tablet":{"background-color":"","background-image":"","background-repeat":"repeat","background-position":"center center","background-size":"auto","background-attachment":"scroll","background-type":"","background-media":"","overlay-type":"","overlay-color":"","overlay-opacity":"","overlay-gradient":""},"mobile":{"background-color":"","background-image":"","background-repeat":"repeat","background-position":"center center","background-size":"auto","background-attachment":"scroll","background-type":"","background-media":"","overlay-type":"","overlay-color":"","overlay-opacity":"","overlay-gradient":""}},"ast-content-background-meta":{"desktop":{"background-color":"var(--ast-global-color-5)","background-image":"","background-repeat":"repeat","background-position":"center center","background-size":"auto","background-attachment":"scroll","background-type":"","background-media":"","overlay-type":"","overlay-color":"","overlay-opacity":"","overlay-gradient":""},"tablet":{"background-color":"var(--ast-global-color-5)","background-image":"","background-repeat":"repeat","background-position":"center center","background-size":"auto","background-attachment":"scroll","background-type":"","background-media":"","overlay-type":"","overlay-color":"","overlay-opacity":"","overlay-gradient":""},"mobile":{"background-color":"var(--ast-global-color-5)","background-image":"","background-repeat":"repeat","background-position":"center center","background-size":"auto","background-attachment":"scroll","background-type":"","background-media":"","overlay-type":"","overlay-color":"","overlay-opacity":"","overlay-gradient":""}}},"pwb-brand":[150],"product_brand":[],"product_cat":[19,84],"product_tag":[1620,1560,1616,1578,477,1618,1611,1607,1617,1619],"class_list":{"0":"post-3645","1":"product","2":"type-product","3":"status-publish","4":"has-post-thumbnail","6":"pwb-brand-bronkhorst","7":"product_cat-flodesmatare","8":"product_cat-termiska-flodesmatare","9":"product_tag-belaggning","10":"product_tag-bronkhorst","11":"product_tag-el-flow-base","12":"product_tag-gasflodeskontroll","13":"product_tag-industriella-applikationer","14":"product_tag-kostnadseffektiv","15":"product_tag-massflodesregulator","16":"product_tag-oem-integration","17":"product_tag-standardinstrument","18":"product_tag-svetsning","19":"desktop-align-left","20":"tablet-align-left","21":"mobile-align-left","23":"first","24":"instock","25":"shipping-taxable","26":"product-type-simple"},"brands":[{"id":150,"name":"Bronkhorst","slug":"bronchhorst"}],"_links":{"self":[{"href":"https:\/\/www.omniprocess.se\/en\/wp-json\/wp\/v2\/product\/3645","targetHints":{"allow":["GET"]}}],"collection":[{"href":"https:\/\/www.omniprocess.se\/en\/wp-json\/wp\/v2\/product"}],"about":[{"href":"https:\/\/www.omniprocess.se\/en\/wp-json\/wp\/v2\/types\/product"}],"wp:featuredmedia":[{"embeddable":true,"href":"https:\/\/www.omniprocess.se\/en\/wp-json\/wp\/v2\/media\/3646"}],"wp:attachment":[{"href":"https:\/\/www.omniprocess.se\/en\/wp-json\/wp\/v2\/media?parent=3645"}],"wp:term":[{"taxonomy":"pwb-brand","embeddable":true,"href":"https:\/\/www.omniprocess.se\/en\/wp-json\/wp\/v2\/pwb-brand?post=3645"},{"taxonomy":"product_brand","embeddable":true,"href":"https:\/\/www.omniprocess.se\/en\/wp-json\/wp\/v2\/product_brand?post=3645"},{"taxonomy":"product_cat","embeddable":true,"href":"https:\/\/www.omniprocess.se\/en\/wp-json\/wp\/v2\/product_cat?post=3645"},{"taxonomy":"product_tag","embeddable":true,"href":"https:\/\/www.omniprocess.se\/en\/wp-json\/wp\/v2\/product_tag?post=3645"}],"curies":[{"name":"wp","href":"https:\/\/api.w.org\/{rel}","templated":true}]}}