{"id":3915,"date":"2024-12-03T15:28:28","date_gmt":"2024-12-03T14:28:28","guid":{"rendered":"https:\/\/www.omniprocess.se\/\/?post_type=product&#038;p=3915"},"modified":"2024-12-03T15:33:22","modified_gmt":"2024-12-03T14:33:22","slug":"dtsx200-fibre-optic-temperature-feeder","status":"publish","type":"product","link":"https:\/\/www.omniprocess.se\/en\/produkt\/temperaturmatare\/distribuerad-temperaturmatning-dts\/dtsx200-fiberoptisk-temperaturmatare\/","title":{"rendered":"DTSX200 Fibre optic temperature gauge"},"content":{"rendered":"<p>Yokogawas <strong>DTSX200<\/strong> \u00e4r en avancerad l\u00f6sning f\u00f6r distribuerad temperaturm\u00e4tning som anv\u00e4nder fiberoptisk teknologi f\u00f6r att m\u00e4ta temperaturer l\u00e4ngs hela kabell\u00e4ngden. Denna teknik m\u00f6jligg\u00f6r \u00f6vervakning av temperaturer i realtid \u00f6ver l\u00e5nga avst\u00e5nd, vilket g\u00f6r den idealisk f\u00f6r applikationer som kr\u00e4ver kontinuerlig temperatur\u00f6vervakning och tidig detektering av f\u00f6r\u00e4ndringar.<\/p>\n<p><strong>M\u00e4tprincip:<\/strong> DTSX200 anv\u00e4nder Raman-spridning f\u00f6r att m\u00e4ta temperaturer. N\u00e4r en ljuspuls skickas genom en optisk fiber, sprids ljuset av fiberkabelns molekyler och v\u00e4xelverkar med gittervibrationer. Denna interaktion producerar Stokes- och anti-Stokes-signaler, vars intensitetsf\u00f6rh\u00e5llande beror p\u00e5 temperaturen vid den specifika punkten. Genom att m\u00e4ta dessa signaler kan temperaturen best\u00e4mmas l\u00e4ngs hela fiberkabeln.<\/p>\n<p><strong>F\u00f6rdelar med DTSX200:<\/strong><\/p>\n<ul>\n<li><strong>Bred temperaturintervall:<\/strong> M\u00e4ter temperaturer fr\u00e5n -200\u00b0C till +800\u00b0C, vilket g\u00f6r den l\u00e4mplig f\u00f6r en m\u00e4ngd olika applikationer.<\/li>\n<li><strong>Modul\u00e4r design:<\/strong> Kan konfigureras med upp till 16 fiberoptiska kanaler, vilket ger flexibilitet f\u00f6r olika installationskrav.<\/li>\n<li><strong>Kompatibilitet:<\/strong> Integreras enkelt med produktionskontrollsystem som DCS och SCADA, vilket underl\u00e4ttar \u00f6vervakning och hantering.<\/li>\n<li><strong>Kompakt och energieffektiv:<\/strong> L\u00e5g str\u00f6mf\u00f6rbrukning m\u00f6jligg\u00f6r installation i avl\u00e4gsna omr\u00e5den, \u00e4ven med solenergi.<\/li>\n<\/ul>\n<p><strong>Anv\u00e4ndningsomr\u00e5den:<\/strong><\/p>\n<ul>\n<li><strong>Olje- och gasutvinning:<\/strong> \u00d6vervakning av temperaturdistribution i brunnar f\u00f6r att optimera produktion och detektera l\u00e4ckor.<\/li>\n<li><strong>LNG- och raffinaderianl\u00e4ggningar:<\/strong> \u00d6vervakning av processer och s\u00e4kerhetssystem.<\/li>\n<li><strong>R\u00f6rlednings\u00f6vervakning:<\/strong> Uppt\u00e4ckt av l\u00e4ckor och \u00f6verhettning.<\/li>\n<li><strong>Branddetektion:<\/strong> Tidigt identifiering av brandrisker i tunnlar och lagerlokaler.<\/li>\n<\/ul>\n<p><strong>Egenskaper och f\u00f6rdelar:<\/strong><\/p>\n<ul>\n<li><strong>H\u00f6g precision:<\/strong> M\u00e4ter temperaturer med h\u00f6g uppl\u00f6sning l\u00e4ngs hela fiberkabeln.<\/li>\n<li><strong>Realtids\u00f6vervakning:<\/strong> Ger omedelbar feedback f\u00f6r att identifiera temperaturvariationer och potentiella risker.<\/li>\n<li><strong>Flexibel installation:<\/strong> L\u00e5ng m\u00e4tavst\u00e5nd och m\u00f6jligheter f\u00f6r b\u00e5de enkel- och dubbel\u00e4ndem\u00e4tning.<\/li>\n<li><strong>Energieffektiv:<\/strong> L\u00e5g str\u00f6mf\u00f6rbrukning g\u00f6r den h\u00e5llbar f\u00f6r l\u00e5ngvarig anv\u00e4ndning.<\/li>\n<\/ul>\n<p><strong>DTSX 200<\/strong><\/p>\n<table width=\"1037\">\n<tbody>\n<tr>\n<td colspan=\"3\"><strong>Item<\/strong><\/td>\n<td colspan=\"4\"><strong>Specifications<\/strong><\/td>\n<\/tr>\n<tr>\n<td rowspan=\"6\"><strong>Distributed<br \/>\ntemperature<br \/>\nmeasurement<\/strong><\/td>\n<td rowspan=\"3\"><strong>Distance<\/strong><\/td>\n<td><strong>Measurement distance range<\/strong><\/td>\n<td colspan=\"4\">1 km, 2 km, 3 km, 4 km, 6 km<\/td>\n<\/tr>\n<tr>\n<td><strong>Sampling resolution<\/strong><\/td>\n<td colspan=\"4\">10 cm, 20 cm, 50 cm, 1 m<\/td>\n<\/tr>\n<tr>\n<td><strong>Spatial resolution<\/strong><\/td>\n<td colspan=\"4\">1 m (10 to 90 %)<\/td>\n<\/tr>\n<tr>\n<td rowspan=\"3\"><strong>Temperature<\/strong><\/td>\n<td><strong>Measurement temperature range<\/strong><\/td>\n<td colspan=\"4\">-200 to 300 \u00b0C (dependent on the optical fiber for sensing)<\/td>\n<\/tr>\n<tr>\n<td rowspan=\"2\"><strong>Temperature resolution<br \/>\n(1 \u03c3, without optical switch)<\/strong><\/td>\n<td colspan=\"4\">Range<\/td>\n<\/tr>\n<tr>\n<td>Time<br \/>\n10 s<br \/>\n1 min<br \/>\n10 min<\/td>\n<td>1 km<br \/>\n0.5<br \/>\n0.3<br \/>\n0.1<\/td>\n<td>3 km<br \/>\n1.1<br \/>\n0.6<br \/>\n0.2<\/td>\n<td>6 km<br \/>\n4.2 \u00b0C<br \/>\n2.1<br \/>\n0.7<\/td>\n<\/tr>\n<tr>\n<td rowspan=\"2\"><strong>Sensor optical fiber<\/strong><\/td>\n<td colspan=\"2\"><strong>Optical fiber<\/strong><\/td>\n<td colspan=\"4\">50 \/ 125 \u03bcm GI<br \/>\n(No reflection at end of optical fiber)<\/td>\n<\/tr>\n<tr>\n<td colspan=\"2\"><strong>Optical connector<\/strong><\/td>\n<td colspan=\"4\">E2000 \/ APC<\/td>\n<\/tr>\n<tr>\n<td rowspan=\"6\"><strong>Interface<\/strong><\/td>\n<td colspan=\"2\" rowspan=\"4\"><strong>Serial (RS-232C)<\/strong><\/td>\n<td colspan=\"4\">3 ports, non-isolated, RJ45 modular jacks<br \/>\nFull duplex, asynchronous<\/td>\n<\/tr>\n<tr>\n<td colspan=\"4\"><strong>SERIAL 1:<\/strong><br \/>\nFunction: Communication (Modbus)<br \/>\nBaud rate: 1.2, 2.4, 4.8, 9.6, 19.2, 38.4 57.6, 115.2 kbps<\/td>\n<\/tr>\n<tr>\n<td colspan=\"4\"><strong>SERIAL 2:<\/strong><br \/>\nFunction: Communication (Modbus)<br \/>\nBaud rate: 1.2, 2.4, 4.8, 9.6, 19.2, 38.4 kbps<\/td>\n<\/tr>\n<tr>\n<td colspan=\"4\"><strong>SERIAL 3:<\/strong><br \/>\nFunction: Maintenance (Private)<\/td>\n<\/tr>\n<tr>\n<td><strong>Ethernet interface<\/strong><\/td>\n<td><strong>LAN<\/strong><\/td>\n<td colspan=\"4\">1 port, 10BASE-T or 100BASE-TX,<br \/>\nRJ45 modular jacks, automatic negotiation,<br \/>\nautomatic MDI, with Network power switch (ON\/OFF)<\/td>\n<\/tr>\n<tr>\n<td colspan=\"2\"><strong>Display<\/strong><\/td>\n<td colspan=\"4\">LEDs: HRDY, RDY, LASER ON<\/td>\n<\/tr>\n<tr>\n<td rowspan=\"2\"><strong>Power supply<\/strong><\/td>\n<td rowspan=\"2\"><strong>Consumption<\/strong><\/td>\n<td><strong>Operating mode<\/strong><\/td>\n<td colspan=\"4\">10 W<\/td>\n<\/tr>\n<tr>\n<td><strong>Power save mode<\/strong><\/td>\n<td colspan=\"4\">2.1 W<\/td>\n<\/tr>\n<tr>\n<td colspan=\"3\"><strong>Dimensions (W x H x D)<\/strong><\/td>\n<td colspan=\"4\">197.8 x 132.0 x 162.2 mm (6 slots width)<\/td>\n<\/tr>\n<tr>\n<td colspan=\"3\"><strong>Weight<\/strong><\/td>\n<td colspan=\"4\">2.5 kg<\/td>\n<\/tr>\n<\/tbody>\n<\/table>\n<p>Temperature calibration of the Sensor Optical Fiber for DTSX200 is required before temperature distribution measurement.<\/p>\n<p><strong>Optical Switch Module<\/strong><\/p>\n<table width=\"1037\">\n<tbody>\n<tr>\n<td colspan=\"2\"><strong>Item<\/strong><\/td>\n<td colspan=\"3\"><strong>Specifications<\/strong><\/td>\n<\/tr>\n<tr>\n<td colspan=\"2\"><strong>Model<\/strong><\/td>\n<td>DTOS2<\/td>\n<td>DTOS4<\/td>\n<td>DTOS16<\/td>\n<\/tr>\n<tr>\n<td colspan=\"2\"><strong>Insertion loss<\/strong><\/td>\n<td>0.6 dB (Typical)<br \/>\n1.4 dB (Max.)<\/td>\n<td>1.0 dB (Typical)<br \/>\n3.0 dB (Max.)<\/td>\n<td>0.8 dB (Typical)<br \/>\n1.4 dB (Max.)<\/td>\n<\/tr>\n<tr>\n<td><strong>Distributed temperature measurements<\/strong><\/td>\n<td><strong>Measurement type<\/strong><\/td>\n<td colspan=\"3\">Single end, Double end<\/td>\n<\/tr>\n<tr>\n<td rowspan=\"3\"><strong>Sensor optical fibers<\/strong><\/td>\n<td><strong>Optical fiber<\/strong><\/td>\n<td colspan=\"3\">50 \/ 125 \u03bcm GI, closed end, non refraction required<\/td>\n<\/tr>\n<tr>\n<td><strong>Optical connector<\/strong><\/td>\n<td colspan=\"3\">E2000 \/ APC<\/td>\n<\/tr>\n<tr>\n<td><strong>Optical channels<\/strong><\/td>\n<td>2 channels<\/td>\n<td>4 channels<\/td>\n<td>16 channels<\/td>\n<\/tr>\n<tr>\n<td rowspan=\"2\"><strong>Interface<\/strong><\/td>\n<td><strong>Control<\/strong><\/td>\n<td colspan=\"3\">Controlled by DTSX200<\/td>\n<\/tr>\n<tr>\n<td><strong>Display<\/strong><\/td>\n<td colspan=\"3\">LEDs: HRDY, RDY, Alarm, Active channel<\/td>\n<\/tr>\n<tr>\n<td><strong>Power supply<\/strong><\/td>\n<td><strong>Consumption<\/strong><\/td>\n<td>1 W<\/td>\n<td>1 W<\/td>\n<td>Operating 4.5 W<br \/>\nPower save 1 W<\/td>\n<\/tr>\n<tr>\n<td colspan=\"2\"><strong>Dimensions (W x H x D)<\/strong><\/td>\n<td>65.8 x 130.0 x 160.3 mm<br \/>\n(2 slots width)<\/td>\n<td>65.8 x 130.0 x 160.3 mm<br \/>\n(2 slots width)<\/td>\n<td>65.8 x 130.0 x 160.3 mm<br \/>\n(2 slots width)<\/td>\n<\/tr>\n<tr>\n<td colspan=\"2\"><strong>Weight<\/strong><\/td>\n<td>0.6 kg<\/td>\n<td>0.64 kg<\/td>\n<td>0.75 kg<\/td>\n<\/tr>\n<\/tbody>\n<\/table>\n<p>Note:\u00a0 As a guideline, the module should be replaced periodically every 4.7, 6 and 9.5 years for continuous operation of 15-second, 20-second and 30-second measurements, respectively.<\/p>\n<p><strong>REGULATORY COMPLIANCE and CONFORMITY to STANDARDS<\/strong><\/p>\n<table width=\"1037\">\n<tbody>\n<tr>\n<td colspan=\"2\"><strong>Item<\/strong><\/td>\n<td><strong>Specifications<\/strong><\/td>\n<\/tr>\n<tr>\n<td colspan=\"2\"><strong>Safety Standards<\/strong><\/td>\n<td>CSA C22.2 No.61010-1-04<br \/>\nEN 61010-1:2010<br \/>\nEN 61010-2-030:2010<br \/>\nEN IEC 61010-2-201:2018<br \/>\nCU TR 004<\/td>\n<\/tr>\n<tr>\n<td rowspan=\"4\"><strong>EMC Standards<\/strong><\/td>\n<td><strong>CE Marking<\/strong><\/td>\n<td>EN 55011:2016+A1:2017 Class A Group 1<br \/>\nEN 61000-6-2:2005<br \/>\nEN 61000-3-2:2014<br \/>\nEN 61000-3-3:2013<\/td>\n<\/tr>\n<tr>\n<td><strong>RCM<\/strong><\/td>\n<td>EN 55011:2016+A1:2017 Class A Group 1<\/td>\n<\/tr>\n<tr>\n<td><strong>KC Marking<\/strong><\/td>\n<td>Korea Electromagnetic Conformity Standard<\/td>\n<\/tr>\n<tr>\n<td><strong>EAC Marking<\/strong><\/td>\n<td>CU TR 020<\/td>\n<\/tr>\n<tr>\n<td rowspan=\"2\"><strong>Laser safety<\/strong><\/td>\n<td><strong>Class<\/strong><\/td>\n<td>IEC 60825-1:2007 Class1M<br \/>\nIEC\/EN 60825-1:2014 Class1<\/td>\n<\/tr>\n<tr>\n<td><strong>FDA (CDRH)<\/strong><\/td>\n<td>21CFR Part 1040.10<\/td>\n<\/tr>\n<tr>\n<td rowspan=\"3\"><strong>Standards for Hazardous Location Equipment<\/strong><\/td>\n<td><strong>FM Nonincendive<\/strong><\/td>\n<td>Class I, Division 2, Groups A, B, C, D T4<br \/>\nFM 3600-2018<br \/>\nFM 3611-2018<br \/>\nFM 3810-2005<\/td>\n<\/tr>\n<tr>\n<td><strong>ATEX Type &#8221;n&#8221;<\/strong><\/td>\n<td>II 3 G Ex nA ic [op is Gc] IIC T4 Gc X<br \/>\nEN IEC 60079-0:2018<br \/>\nEN 60079-11:2012<br \/>\nEN 60079-15:2010<br \/>\nEN 60079-28:2015<\/td>\n<\/tr>\n<tr>\n<td><strong>CSA Non-Incendive<\/strong><\/td>\n<td>Class I, Division 2, Groups A, B, C, D T4<br \/>\nC22.2 No. 0-10<br \/>\nCAN\/CSA-C22.2 No. 0.4-04<br \/>\nC22.2 No. 213-M1987<br \/>\nTN-078<\/td>\n<\/tr>\n<tr>\n<td><strong>Restriction of Hazardous Substances<\/strong><\/td>\n<td><strong>RoHS Directive<\/strong><\/td>\n<td>EN IEC 63000:2018<\/td>\n<\/tr>\n<\/tbody>\n<\/table>\n<p>&nbsp;<\/p>\n","protected":false},"excerpt":{"rendered":"<p>The DTSX200 from Yokogawa is a fibre optic distributed temperature meter that enables real-time monitoring of temperatures over long distances. It is particularly suited for applications in oil and gas extraction, LNG plants and refineries.<\/p>","protected":false},"featured_media":3916,"template":"","meta":{"site-sidebar-layout":"default","site-content-layout":"","ast-site-content-layout":"default","site-content-style":"default","site-sidebar-style":"default","ast-global-header-display":"","ast-banner-title-visibility":"","ast-main-header-display":"","ast-hfb-above-header-display":"","ast-hfb-below-header-display":"","ast-hfb-mobile-header-display":"","site-post-title":"","ast-breadcrumbs-content":"","ast-featured-img":"","footer-sml-layout":"","ast-disable-related-posts":"","theme-transparent-header-meta":"default","adv-header-id-meta":"","stick-header-meta":"","header-above-stick-meta":"","header-main-stick-meta":"","header-below-stick-meta":"","astra-migrate-meta-layouts":"set","ast-page-background-enabled":"default","ast-page-background-meta":{"desktop":{"background-color":"var(--ast-global-color-4)","background-image":"","background-repeat":"repeat","background-position":"center center","background-size":"auto","background-attachment":"scroll","background-type":"","background-media":"","overlay-type":"","overlay-color":"","overlay-opacity":"","overlay-gradient":""},"tablet":{"background-color":"","background-image":"","background-repeat":"repeat","background-position":"center center","background-size":"auto","background-attachment":"scroll","background-type":"","background-media":"","overlay-type":"","overlay-color":"","overlay-opacity":"","overlay-gradient":""},"mobile":{"background-color":"","background-image":"","background-repeat":"repeat","background-position":"center center","background-size":"auto","background-attachment":"scroll","background-type":"","background-media":"","overlay-type":"","overlay-color":"","overlay-opacity":"","overlay-gradient":""}},"ast-content-background-meta":{"desktop":{"background-color":"var(--ast-global-color-5)","background-image":"","background-repeat":"repeat","background-position":"center center","background-size":"auto","background-attachment":"scroll","background-type":"","background-media":"","overlay-type":"","overlay-color":"","overlay-opacity":"","overlay-gradient":""},"tablet":{"background-color":"var(--ast-global-color-5)","background-image":"","background-repeat":"repeat","background-position":"center center","background-size":"auto","background-attachment":"scroll","background-type":"","background-media":"","overlay-type":"","overlay-color":"","overlay-opacity":"","overlay-gradient":""},"mobile":{"background-color":"var(--ast-global-color-5)","background-image":"","background-repeat":"repeat","background-position":"center center","background-size":"auto","background-attachment":"scroll","background-type":"","background-media":"","overlay-type":"","overlay-color":"","overlay-opacity":"","overlay-gradient":""}}},"pwb-brand":[151],"product_brand":[],"product_cat":[110,22],"product_tag":[1874,1863,1862,879,1870,1872,1871,1869,916,732,1873,1864,914],"class_list":{"0":"post-3915","1":"product","2":"type-product","3":"status-publish","4":"has-post-thumbnail","6":"pwb-brand-yokogawa","7":"product_cat-distribuerad-temperaturmatning-dts","8":"product_cat-temperaturmatare","9":"product_tag-branddetektion","10":"product_tag-distribuerad-overvakning","11":"product_tag-fiberoptisk-temperaturmatning","12":"product_tag-hog-precision","13":"product_tag-langdistansmatning","14":"product_tag-lng","15":"product_tag-olje-och-gasutvinning","16":"product_tag-optisk-teknologi","17":"product_tag-raffinaderi","18":"product_tag-realtidsovervakning","19":"product_tag-rorledningsovervakning","20":"product_tag-temperaturdetektion","21":"product_tag-yokogawa","22":"desktop-align-left","23":"tablet-align-left","24":"mobile-align-left","26":"first","27":"instock","28":"shipping-taxable","29":"product-type-simple"},"brands":[{"id":151,"name":"Yokogawa","slug":"yokogawa"}],"_links":{"self":[{"href":"https:\/\/www.omniprocess.se\/en\/wp-json\/wp\/v2\/product\/3915","targetHints":{"allow":["GET"]}}],"collection":[{"href":"https:\/\/www.omniprocess.se\/en\/wp-json\/wp\/v2\/product"}],"about":[{"href":"https:\/\/www.omniprocess.se\/en\/wp-json\/wp\/v2\/types\/product"}],"wp:featuredmedia":[{"embeddable":true,"href":"https:\/\/www.omniprocess.se\/en\/wp-json\/wp\/v2\/media\/3916"}],"wp:attachment":[{"href":"https:\/\/www.omniprocess.se\/en\/wp-json\/wp\/v2\/media?parent=3915"}],"wp:term":[{"taxonomy":"pwb-brand","embeddable":true,"href":"https:\/\/www.omniprocess.se\/en\/wp-json\/wp\/v2\/pwb-brand?post=3915"},{"taxonomy":"product_brand","embeddable":true,"href":"https:\/\/www.omniprocess.se\/en\/wp-json\/wp\/v2\/product_brand?post=3915"},{"taxonomy":"product_cat","embeddable":true,"href":"https:\/\/www.omniprocess.se\/en\/wp-json\/wp\/v2\/product_cat?post=3915"},{"taxonomy":"product_tag","embeddable":true,"href":"https:\/\/www.omniprocess.se\/en\/wp-json\/wp\/v2\/product_tag?post=3915"}],"curies":[{"name":"wp","href":"https:\/\/api.w.org\/{rel}","templated":true}]}}